{"id":804,"date":"2024-08-13T10:56:57","date_gmt":"2024-08-13T08:56:57","guid":{"rendered":"https:\/\/test.mennobouma.com\/nautischkwartier\/service\/"},"modified":"2024-11-08T17:01:50","modified_gmt":"2024-11-08T16:01:50","slug":"service","status":"publish","type":"page","link":"https:\/\/test.mennobouma.com\/nautischkwartier\/de\/service\/","title":{"rendered":"Service"},"content":{"rendered":"<div class=\"wpb-content-wrapper\"><p>[vc_row][vc_column width=&#8220;1\/2&#8243; css=&#8220;.vc_custom_1731073937403{padding-top: 200px !important;padding-bottom: 200px !important;background-image: url(https:\/\/test.mennobouma.com\/nautischkwartier\/wp-content\/uploads\/2024\/11\/service.png?id=1720) !important;background-position: center !important;background-repeat: no-repeat !important;background-size: cover !important;}&#8220;][\/vc_column][vc_column width=&#8220;1\/2&#8243; css=&#8220;.vc_custom_1723719066271{padding-top: 40px !important;padding-right: 30px !important;padding-bottom: 40px !important;padding-left: 30px !important;}&#8220;][vc_column_text css=&#8220;&#8220;]<\/p>\n<div class=\"wpb_text_column wpb_content_element \">\n<div class=\"wpb_wrapper\">\n<div class=\"wpb_text_column wpb_content_element vc_custom_1512382630134\">\n<div class=\"wpb_wrapper\">\n<h2>Yachtservice<\/h2>\n<p>Nautisch Kwartier Stavoren verf\u00fcgt \u00fcber alle notwendigen Annehmlichkeiten, um erfolgreich in der Wassersportbranche t\u00e4tig zu sein. Unser ger\u00e4umiger Verkaufshafen verf\u00fcgt \u00fcber 45 Liegepl\u00e4tze auf dem Wasser und 25 an Land an unserer sch\u00f6nen Verkaufsplattform. Selbstverst\u00e4ndlich bieten wir Wasser- und Stromversorgung an, damit Ihr Boot in optimalem Zustand bleibt. Wenn Sie Ihre neu gebaute Yacht bei Nautisch Kwartier Stavoren gekauft haben, bieten wir verschiedene Dienstleistungen an, darunter: Ersatzteile | Wartung und Reparatur | Garantie | Winterlagerung   <\/p>\n<\/div>\n<\/div>\n<\/div>\n<\/div>\n<div class=\"wpb_text_column wpb_content_element \">\n<div class=\"wpb_wrapper\"><\/div>\n<\/div>\n<p>[\/vc_column_text][\/vc_column][\/vc_row][vc_row el_class=&#8220;icon-nk&#8220;][vc_column][vc_single_image image=&#8220;686&#8243; alignment=&#8220;center&#8220; css=&#8220;.vc_custom_1723719182676{margin-top: -45px !important;margin-bottom: -45px !important;}&#8220;][\/vc_column][\/vc_row][vc_row full_width=&#8220;stretch_row&#8220; css=&#8220;.vc_custom_1723721044709{background-color: #ffffff !important;}&#8220;][vc_column width=&#8220;1\/2&#8243; css=&#8220;.vc_custom_1723728557515{padding-top: 40px !important;padding-right: 15px !important;padding-bottom: 40px !important;padding-left: 15px !important;background-position: center !important;background-repeat: no-repeat !important;background-size: cover !important;}&#8220;][vc_column_text css=&#8220;&#8220;]<\/p>\n<h2>Ersatzteile<\/h2>\n<p>Bei Nautisch Kwartier Stavoren k\u00f6nnen Sie Ersatzteile f\u00fcr Ihren Lagoon-Katamaran oder Ihre Jeanneau-Segelyacht bestellen. Senden Sie uns eine Anfrage? Bitte seien Sie so spezifisch und detailliert wie m\u00f6glich, damit wir f\u00fcr Sie pr\u00fcfen k\u00f6nnen, ob wir das gew\u00fcnschte Teil liefern k\u00f6nnen. Ist das m\u00f6glich? Sie erhalten zun\u00e4chst ein unverbindliches Angebot von uns. Nach Best\u00e4tigung und Zahlung werden die Teile f\u00fcr Sie bestellt und so schnell wie m\u00f6glich geliefert. F\u00fcr die meisten Typen der Jeanneau- und Lagoon-Reihe werden noch Ersatzteile hergestellt oder sind auf Lager. Viele g\u00e4ngige Teile k\u00f6nnen daher kurzfristig geliefert werden. Interessiert oder haben Sie eine Frage? Klicken Sie unten auf die Schaltfl\u00e4che \u201eErsatzteile anfordern\u201c.[\/vc_column_text][vc_btn title=&#8220;Ersatzteile anfordern&#8220; style=&#8220;flat&#8220; color=&#8220;primary&#8220; css=&#8220;&#8220; link=&#8220;url:https%3A%2F%2Ftest.mennobouma.com%2Fnautischkwartier%2Fde%2Fjeanneau-sailing-yachts%2F|title:Jeanneau%20Segelyachten|&#8220;][\/vc_column][vc_column width=&#8220;1\/2&#8243; css=&#8220;.vc_custom_1731074257001{padding-top: 200px !important;padding-bottom: 200px !important;background-image: url(https:\/\/test.mennobouma.com\/nautischkwartier\/wp-content\/uploads\/2024\/11\/service-1.png?id=1723) !important;background-position: center !important;background-repeat: no-repeat !important;background-size: cover !important;}&#8220;][\/vc_column][\/vc_row][vc_row full_width=&#8220;stretch_row&#8220; css=&#8220;.vc_custom_1729243691867{padding-top: 40px !important;padding-bottom: 40px !important;background-color: #b8b9b9 !important;}&#8220;][vc_column][vc_column_text css=&#8220;&#8220;]<\/p>\n<h2 class=\"handwritten\" style=\"font-size: 3rem;\"><span style=\"color: #ffffff;\">Garantie<\/span><\/h2>\n<p><span style=\"color: #ffffff;\">Garantie ist ein wichtiger Bestandteil der Philosophie von Lagoon und Jeanneau. Ein zufriedener Kunde ist ein Botschafter sowohl f\u00fcr die Marke als auch f\u00fcr Nautisch Kwartier. Daher wird der L\u00f6sung eventuell auftretender Probleme gro\u00dfe Aufmerksamkeit gewidmet.  <\/span><\/p>\n<p><span style=\"color: #ffffff;\">Zus\u00e4tzlich zu den M\u00f6glichkeiten auf unserer Website k\u00f6nnen Garantiearbeiten auch vor Ort durchgef\u00fchrt werden. Mit einem H\u00e4ndlernetz wie keine andere Marke k\u00f6nnen wir Sie sogar im Mittelmeer bedienen. <\/span>[\/vc_column_text][vc_btn title=&#8220;Kontaktieren Sie uns&#8220; style=&#8220;flat&#8220; color=&#8220;primary&#8220; css=&#8220;&#8220; link=&#8220;url:https%3A%2F%2Ftest.mennobouma.com%2Fnautischkwartier%2Fde%2Fyacht-verkaufen%2F|title:Yacht%20verkaufen|&#8220;][\/vc_column][\/vc_row][vc_row full_width=&#8220;stretch_row&#8220; css=&#8220;.vc_custom_1723721044709{background-color: #ffffff !important;}&#8220;][vc_column width=&#8220;1\/2&#8243; css=&#8220;.vc_custom_1731075908313{padding-top: 200px !important;padding-bottom: 200px !important;background-image: url(https:\/\/test.mennobouma.com\/nautischkwartier\/wp-content\/uploads\/2024\/11\/service-2.png?id=1729) !important;background-position: center !important;background-repeat: no-repeat !important;background-size: cover !important;}&#8220;][\/vc_column][vc_column width=&#8220;1\/2&#8243; css=&#8220;.vc_custom_1723728557515{padding-top: 40px !important;padding-right: 15px !important;padding-bottom: 40px !important;padding-left: 15px !important;background-position: center !important;background-repeat: no-repeat !important;background-size: cover !important;}&#8220;][vc_column_text css=&#8220;&#8220;]<\/p>\n<h2>Winterlagerung<\/h2>\n<p>W\u00e4hrend der Segelsaison k\u00fcmmern Sie sich um Ihre Yacht. Deshalb m\u00f6chten Sie auch in den Wintermonaten das Beste f\u00fcr sie. Nautisch Kwartier Stavoren bietet Ihnen die M\u00f6glichkeit, Ihre Yacht beim H\u00e4ndler einzulagern. Dies kann sowohl drinnen als auch drau\u00dfen* erfolgen. Als H\u00e4ndler kennen wir alle Einzelheiten Ihrer Jeanneau-Segelyacht oder Ihres Lagoon-Katamarans, sodass wir Ihre Yacht sorgf\u00e4ltig und richtig einlagern k\u00f6nnen. Dar\u00fcber hinaus ist es m\u00f6glich, w\u00e4hrend dieser Lagerzeit eventuelle Wartungs- oder Reparaturarbeiten einzuplanen, sodass Sie im Fr\u00fchjahr wieder optimal starten k\u00f6nnen. Haben Sie Fragen oder m\u00f6chten Sie weitere Informationen? <\/p>\n<p><em>*Je nach Verf\u00fcgbarkeit<\/em>[\/vc_column_text][\/vc_column][\/vc_row][vc_row css=&#8220;.vc_custom_1728473713066{margin-bottom: 30px !important;padding-top: 20px !important;padding-bottom: 20px !important;background-color: #f1f1f1 !important;}&#8220;][vc_column][vc_column_text css=&#8220;&#8220;]<\/p>\n<div class=\"wpb_text_column wpb_content_element vc_custom_1510221588319\">\n<div class=\"wpb_wrapper\">\n<h2>Finanzierung und Versicherung<\/h2>\n<\/div>\n<\/div>\n<div class=\"wpb_text_column wpb_content_element \">\n<div class=\"wpb_wrapper\">\n<p><strong>FINANZIERUNG<\/strong><br \/>\n <a href=\"https:\/\/www.go-boating.de\/en\/74\/home\/\">GoBoating<\/a> ist der Spezialist f\u00fcr die Finanzierung von Booten und Yachten. Die Zusammenarbeit mit Banken, Booten und Bootsh\u00e4ndlern macht sie einzigartig. Ob Kredit oder franz\u00f6sisches Leasing \u2013 sie haben die richtige L\u00f6sung f\u00fcr Sie.<br \/>\n Nutzen Sie den <a href=\"https:\/\/www.go-boating.de\/en\/82\/calculator\/link\/rechner.php\">Sofortfinanzierungsrechner,<\/a> um den ersten Schritt zum Erwerb Ihres Traumboots <b>zu<\/b> machen.<br \/>\n Sie haben ein Schiff gekauft? Dann sollten Sie es nat\u00fcrlich richtig versichern. Daf\u00fcr stehen Ihnen viele M\u00f6glichkeiten zur Verf\u00fcgung. Aufgrund unserer Branchenerfahrung sind wir mit vielen Anbietern vertraut. <a href=\"http:\/\/www.kuiperverzekeringen.nl\">Kuipers Verzekeringen<\/a> bietet seit Jahrzehnten hervorragende Produkte und Dienstleistungen an, um Ihren Kauf richtig zu versichern. Suchen Sie nach einer individuellen L\u00f6sung? Dann k\u00f6nnen Sie sich unverbindlich an sie wenden, um weitere Informationen zu erhalten und online ein Angebot anzufordern.  <\/p>\n<\/div>\n<\/div>\n<p>[\/vc_column_text][\/vc_column][\/vc_row]<\/p>\n<\/div>","protected":false},"excerpt":{"rendered":"<p>[vc_row][vc_column width=&#8220;1\/2&#8243; css=&#8220;.vc_custom_1731073937403{padding-top: 200px !important;padding-bottom: 200px !important;background-image: url(https:\/\/test.mennobouma.com\/nautischkwartier\/wp-content\/uploads\/2024\/11\/service.png?id=1720) !important;background-position: center !important;background-repeat: no-repeat !important;background-size: cover !important;}&#8220;][\/vc_column][vc_column width=&#8220;1\/2&#8243; css=&#8220;.vc_custom_1723719066271{padding-top: 40px !important;padding-right: 30px !important;padding-bottom: 40px !important;padding-left: 30px !important;}&#8220;][vc_column_text css=&#8220;&#8220;] Yachtservice Nautisch Kwartier Stavoren verf\u00fcgt \u00fcber alle notwendigen Annehmlichkeiten, um erfolgreich in der Wassersportbranche t\u00e4tig zu sein. Unser ger\u00e4umiger Verkaufshafen verf\u00fcgt \u00fcber 45 Liegepl\u00e4tze auf dem Wasser und 25 [&hellip;]<\/p>\n","protected":false},"author":1,"featured_media":0,"parent":0,"menu_order":0,"comment_status":"closed","ping_status":"closed","template":"","meta":{"_acf_changed":false,"footnotes":""},"class_list":["post-804","page","type-page","status-publish","hentry"],"acf":[],"price":null,"relation_code":null,"yoast_head":"<!-- This site is optimized with the Yoast SEO plugin v23.8 - https:\/\/yoast.com\/wordpress\/plugins\/seo\/ -->\n<title>Service - Nautisch Kwartier<\/title>\n<meta name=\"robots\" content=\"noindex, follow, max-snippet:-1, max-image-preview:large, max-video-preview:-1\" \/>\n<meta property=\"og:locale\" content=\"de_DE\" \/>\n<meta property=\"og:type\" content=\"article\" \/>\n<meta property=\"og:title\" content=\"Service - Nautisch Kwartier\" \/>\n<meta property=\"og:description\" content=\"[vc_row][vc_column width=&#8220;1\/2&#8243; css=&#8220;.vc_custom_1731073937403{padding-top: 200px !important;padding-bottom: 200px !important;background-image: url(https:\/\/test.mennobouma.com\/nautischkwartier\/wp-content\/uploads\/2024\/11\/service.png?id=1720) !important;background-position: center !important;background-repeat: no-repeat !important;background-size: cover !important;}&#8220;][\/vc_column][vc_column width=&#8220;1\/2&#8243; css=&#8220;.vc_custom_1723719066271{padding-top: 40px !important;padding-right: 30px !important;padding-bottom: 40px !important;padding-left: 30px !important;}&#8220;][vc_column_text css=&#8220;&#8220;] Yachtservice Nautisch Kwartier Stavoren verf\u00fcgt \u00fcber alle notwendigen Annehmlichkeiten, um erfolgreich in der Wassersportbranche t\u00e4tig zu sein. Unser ger\u00e4umiger Verkaufshafen verf\u00fcgt \u00fcber 45 Liegepl\u00e4tze auf dem Wasser und 25 [&hellip;]\" \/>\n<meta property=\"og:url\" content=\"https:\/\/test.mennobouma.com\/nautischkwartier\/de\/service\/\" \/>\n<meta property=\"og:site_name\" content=\"Nautisch Kwartier\" \/>\n<meta property=\"article:modified_time\" content=\"2024-11-08T16:01:50+00:00\" \/>\n<meta name=\"twitter:card\" content=\"summary_large_image\" \/>\n<meta name=\"twitter:label1\" content=\"Gesch\u00e4tzte Lesezeit\" \/>\n\t<meta name=\"twitter:data1\" content=\"4\u00a0Minuten\" \/>\n<script type=\"application\/ld+json\" class=\"yoast-schema-graph\">{\"@context\":\"https:\/\/schema.org\",\"@graph\":[{\"@type\":\"WebPage\",\"@id\":\"https:\/\/test.mennobouma.com\/nautischkwartier\/de\/service\/\",\"url\":\"https:\/\/test.mennobouma.com\/nautischkwartier\/de\/service\/\",\"name\":\"Service - Nautisch Kwartier\",\"isPartOf\":{\"@id\":\"https:\/\/test.mennobouma.com\/nautischkwartier\/de\/#website\"},\"datePublished\":\"2024-08-13T08:56:57+00:00\",\"dateModified\":\"2024-11-08T16:01:50+00:00\",\"breadcrumb\":{\"@id\":\"https:\/\/test.mennobouma.com\/nautischkwartier\/de\/service\/#breadcrumb\"},\"inLanguage\":\"de\",\"potentialAction\":[{\"@type\":\"ReadAction\",\"target\":[\"https:\/\/test.mennobouma.com\/nautischkwartier\/de\/service\/\"]}]},{\"@type\":\"BreadcrumbList\",\"@id\":\"https:\/\/test.mennobouma.com\/nautischkwartier\/de\/service\/#breadcrumb\",\"itemListElement\":[{\"@type\":\"ListItem\",\"position\":1,\"name\":\"Home\",\"item\":\"https:\/\/test.mennobouma.com\/nautischkwartier\/de\/luxurioese-segel-traumjachten\/\"},{\"@type\":\"ListItem\",\"position\":2,\"name\":\"Service\"}]},{\"@type\":\"WebSite\",\"@id\":\"https:\/\/test.mennobouma.com\/nautischkwartier\/de\/#website\",\"url\":\"https:\/\/test.mennobouma.com\/nautischkwartier\/de\/\",\"name\":\"Nautisch Kwartier\",\"description\":\"Luxury sailing dream yachts\",\"potentialAction\":[{\"@type\":\"SearchAction\",\"target\":{\"@type\":\"EntryPoint\",\"urlTemplate\":\"https:\/\/test.mennobouma.com\/nautischkwartier\/de\/?s={search_term_string}\"},\"query-input\":{\"@type\":\"PropertyValueSpecification\",\"valueRequired\":true,\"valueName\":\"search_term_string\"}}],\"inLanguage\":\"de\"}]}<\/script>\n<!-- \/ Yoast SEO plugin. -->","yoast_head_json":{"title":"Service - Nautisch Kwartier","robots":{"index":"noindex","follow":"follow","max-snippet":"max-snippet:-1","max-image-preview":"max-image-preview:large","max-video-preview":"max-video-preview:-1"},"og_locale":"de_DE","og_type":"article","og_title":"Service - Nautisch Kwartier","og_description":"[vc_row][vc_column width=&#8220;1\/2&#8243; css=&#8220;.vc_custom_1731073937403{padding-top: 200px !important;padding-bottom: 200px !important;background-image: url(https:\/\/test.mennobouma.com\/nautischkwartier\/wp-content\/uploads\/2024\/11\/service.png?id=1720) !important;background-position: center !important;background-repeat: no-repeat !important;background-size: cover !important;}&#8220;][\/vc_column][vc_column width=&#8220;1\/2&#8243; css=&#8220;.vc_custom_1723719066271{padding-top: 40px !important;padding-right: 30px !important;padding-bottom: 40px !important;padding-left: 30px !important;}&#8220;][vc_column_text css=&#8220;&#8220;] Yachtservice Nautisch Kwartier Stavoren verf\u00fcgt \u00fcber alle notwendigen Annehmlichkeiten, um erfolgreich in der Wassersportbranche t\u00e4tig zu sein. Unser ger\u00e4umiger Verkaufshafen verf\u00fcgt \u00fcber 45 Liegepl\u00e4tze auf dem Wasser und 25 [&hellip;]","og_url":"https:\/\/test.mennobouma.com\/nautischkwartier\/de\/service\/","og_site_name":"Nautisch Kwartier","article_modified_time":"2024-11-08T16:01:50+00:00","twitter_card":"summary_large_image","twitter_misc":{"Gesch\u00e4tzte Lesezeit":"4\u00a0Minuten"},"schema":{"@context":"https:\/\/schema.org","@graph":[{"@type":"WebPage","@id":"https:\/\/test.mennobouma.com\/nautischkwartier\/de\/service\/","url":"https:\/\/test.mennobouma.com\/nautischkwartier\/de\/service\/","name":"Service - Nautisch Kwartier","isPartOf":{"@id":"https:\/\/test.mennobouma.com\/nautischkwartier\/de\/#website"},"datePublished":"2024-08-13T08:56:57+00:00","dateModified":"2024-11-08T16:01:50+00:00","breadcrumb":{"@id":"https:\/\/test.mennobouma.com\/nautischkwartier\/de\/service\/#breadcrumb"},"inLanguage":"de","potentialAction":[{"@type":"ReadAction","target":["https:\/\/test.mennobouma.com\/nautischkwartier\/de\/service\/"]}]},{"@type":"BreadcrumbList","@id":"https:\/\/test.mennobouma.com\/nautischkwartier\/de\/service\/#breadcrumb","itemListElement":[{"@type":"ListItem","position":1,"name":"Home","item":"https:\/\/test.mennobouma.com\/nautischkwartier\/de\/luxurioese-segel-traumjachten\/"},{"@type":"ListItem","position":2,"name":"Service"}]},{"@type":"WebSite","@id":"https:\/\/test.mennobouma.com\/nautischkwartier\/de\/#website","url":"https:\/\/test.mennobouma.com\/nautischkwartier\/de\/","name":"Nautisch Kwartier","description":"Luxury sailing dream yachts","potentialAction":[{"@type":"SearchAction","target":{"@type":"EntryPoint","urlTemplate":"https:\/\/test.mennobouma.com\/nautischkwartier\/de\/?s={search_term_string}"},"query-input":{"@type":"PropertyValueSpecification","valueRequired":true,"valueName":"search_term_string"}}],"inLanguage":"de"}]}},"_links":{"self":[{"href":"https:\/\/test.mennobouma.com\/nautischkwartier\/de\/wp-json\/wp\/v2\/pages\/804","targetHints":{"allow":["GET"]}}],"collection":[{"href":"https:\/\/test.mennobouma.com\/nautischkwartier\/de\/wp-json\/wp\/v2\/pages"}],"about":[{"href":"https:\/\/test.mennobouma.com\/nautischkwartier\/de\/wp-json\/wp\/v2\/types\/page"}],"author":[{"embeddable":true,"href":"https:\/\/test.mennobouma.com\/nautischkwartier\/de\/wp-json\/wp\/v2\/users\/1"}],"replies":[{"embeddable":true,"href":"https:\/\/test.mennobouma.com\/nautischkwartier\/de\/wp-json\/wp\/v2\/comments?post=804"}],"version-history":[{"count":4,"href":"https:\/\/test.mennobouma.com\/nautischkwartier\/de\/wp-json\/wp\/v2\/pages\/804\/revisions"}],"predecessor-version":[{"id":1781,"href":"https:\/\/test.mennobouma.com\/nautischkwartier\/de\/wp-json\/wp\/v2\/pages\/804\/revisions\/1781"}],"wp:attachment":[{"href":"https:\/\/test.mennobouma.com\/nautischkwartier\/de\/wp-json\/wp\/v2\/media?parent=804"}],"curies":[{"name":"wp","href":"https:\/\/api.w.org\/{rel}","templated":true}]}}