{"id":802,"date":"2024-08-13T10:57:17","date_gmt":"2024-08-13T08:57:17","guid":{"rendered":"https:\/\/test.mennobouma.com\/nautischkwartier\/about\/"},"modified":"2024-11-08T17:02:16","modified_gmt":"2024-11-08T16:02:16","slug":"ueber-nks","status":"publish","type":"page","link":"https:\/\/test.mennobouma.com\/nautischkwartier\/de\/ueber-nks\/","title":{"rendered":"Um"},"content":{"rendered":"<div class=\"wpb-content-wrapper\"><p>[vc_row][vc_column][vc_column_text css=&#8220;&#8220;]<\/p>\n<div class=\"wpb_text_column wpb_content_element \">\n<div class=\"wpb_wrapper\">\n<h1>\u00dcBER NAUTISCH KWARTIER STAVOREN<\/h1>\n<\/div>\n<\/div>\n<div class=\"wpb_text_column wpb_content_element \">\n<div class=\"wpb_wrapper\">\n<p>Jachtmakelaardij Nautisch Kwartier Stavoren ist ein junges Unternehmen mit einer reichen Geschichte. Arthur van der Werff ist der Besitzer von Nautisch Kwartier Stavoren. 1995 startete er eine Yachtvermittlung an dem einzigartigen Standort in Stavoren. Das Unternehmen hat sich zu einer sehr umfassenden Yachtwerft entwickelt, die mehrere Mitarbeiter besch\u00e4ftigt. Neben der Yachtvermittlung ist Nautisch Kwartier Stavoren stolzer Importeur von Jeanneau-Segelyachten und Lagoon-Katamaranen.    <\/p>\n<p>Unser komplettes Angebot an Yachten finden Sie hier. Sie k\u00f6nnen uns auch f\u00fcr Kauf, Verkauf, Yachtservice und Yachtvermietung kontaktieren. Im Namen aller Kollegen hoffen wir, Sie bald im Nautisch Kwartier Stavoren begr\u00fc\u00dfen zu d\u00fcrfen! <\/p>\n<\/div>\n<\/div>\n<p>[\/vc_column_text][\/vc_column][\/vc_row][vc_row][vc_column width=&#8220;1\/4&#8243;][vc_single_image image=&#8220;924&#8243; img_size=&#8220;&#8220; alignment=&#8220;center&#8220; style=&#8220;vc_box_circle&#8220; css_animation=&#8220;bounceInUp&#8220; css=&#8220;&#8220;][vc_column_text css=&#8220;&#8220;]<\/p>\n<h5 style=\"text-align: center;\">Arthur van der Werff<\/h5>\n<p style=\"text-align: center;\"><em>Eigent\u00fcmer<\/em><br \/>\n <a href=\"mailto:arthur@nautischkwartier.nl\">arthur@nautischkwartier.nl<\/a><\/p>\n<p>[\/vc_column_text][\/vc_column][vc_column width=&#8220;1\/4&#8243;][vc_single_image image=&#8220;921&#8243; img_size=&#8220;&#8220; alignment=&#8220;center&#8220; style=&#8220;vc_box_circle&#8220; css_animation=&#8220;bounceInUp&#8220; css=&#8220;&#8220;][vc_column_text css=&#8220;&#8220;]<\/p>\n<h5 style=\"text-align: center;\">Hains van der Meer<\/h5>\n<p style=\"text-align: center;\"><em>Leiter Yachtservice \/ After Sales<\/em><br \/>\n <a href=\"mailto:hains@nautischkwartier.nl\">hains@nautischkwartier.nl<\/a><\/p>\n<p>[\/vc_column_text][\/vc_column][vc_column width=&#8220;1\/4&#8243;][vc_single_image image=&#8220;918&#8243; img_size=&#8220;&#8220; alignment=&#8220;center&#8220; style=&#8220;vc_box_circle&#8220; css_animation=&#8220;bounceInUp&#8220; css=&#8220;&#8220;][vc_column_text css=&#8220;&#8220;]<\/p>\n<h5 style=\"text-align: center;\">Nozem<\/h5>\n<p style=\"text-align: center;\"><em>Sicherheit<\/em><br \/>\n <a href=\"mailto:nozem@nautischkwartier.nl\">nozem@nautischkwartier.nl<\/a><\/p>\n<p>[\/vc_column_text][\/vc_column][vc_column width=&#8220;1\/4&#8243;][vc_single_image image=&#8220;915&#8243; img_size=&#8220;&#8220; alignment=&#8220;center&#8220; style=&#8220;vc_box_circle&#8220; css_animation=&#8220;bounceInUp&#8220; css=&#8220;&#8220;][vc_column_text css=&#8220;&#8220;]<\/p>\n<h5 style=\"text-align: center;\">Frits van der Heide<\/h5>\n<p style=\"text-align: center;\"><em>Yachtmakler<\/em><br \/>\n <a href=\"mailto:frits@nautischkwartier.nl\">frits@nautischkwartier.nl<\/a><\/p>\n<p>[\/vc_column_text][\/vc_column][\/vc_row][vc_row][vc_column width=&#8220;1\/4&#8243;][vc_single_image image=&#8220;912&#8243; img_size=&#8220;&#8220; alignment=&#8220;center&#8220; style=&#8220;vc_box_circle&#8220; css_animation=&#8220;bounceInUp&#8220; css=&#8220;&#8220;][vc_column_text css=&#8220;&#8220;]<\/p>\n<h5 style=\"text-align: center;\">Jitse van der Meer<\/h5>\n<p style=\"text-align: center;\"><em>Yachtmakler<\/em><br \/>\n <a href=\"mailto:jitse@nautischkwartier.nl\">jitse@nautischkwartier.nl<\/a><\/p>\n<p>[\/vc_column_text][\/vc_column][vc_column width=&#8220;1\/4&#8243;][vc_single_image image=&#8220;909&#8243; img_size=&#8220;&#8220; alignment=&#8220;center&#8220; style=&#8220;vc_box_circle&#8220; css_animation=&#8220;bounceInUp&#8220; css=&#8220;&#8220;][vc_column_text css=&#8220;&#8220;]<\/p>\n<h5 style=\"text-align: center;\">Stellenangebot<\/h5>\n<p style=\"text-align: center;\"><em>Allround-Mechaniker f\u00fcr Luxusyachten<\/em><br \/>\n <a href=\"mailto:arthur@nautischkwartier.nl\">arthur@nautischkwartier.nl<\/a><\/p>\n<p>[\/vc_column_text][\/vc_column][vc_column width=&#8220;1\/4&#8243;][vc_single_image image=&#8220;906&#8243; img_size=&#8220;&#8220; alignment=&#8220;center&#8220; style=&#8220;vc_box_circle&#8220; css_animation=&#8220;bounceInUp&#8220; css=&#8220;&#8220;][vc_column_text css=&#8220;&#8220;]<\/p>\n<h5 style=\"text-align: center;\">Gretha Visser<\/h5>\n<p style=\"text-align: center;\"><em>Marketing \/ Kommunikation<\/em><br \/>\n <a href=\"mailto:communication@nautischkwartier.nl\">communication@nautischkwartier.nl<\/a><\/p>\n<p>[\/vc_column_text][\/vc_column][vc_column width=&#8220;1\/4&#8243;][vc_single_image image=&#8220;903&#8243; img_size=&#8220;&#8220; alignment=&#8220;center&#8220; style=&#8220;vc_box_circle&#8220; css_animation=&#8220;bounceInUp&#8220; css=&#8220;&#8220;][vc_column_text css=&#8220;&#8220;]<\/p>\n<h5 style=\"text-align: center;\">Femke M\u00fcller<\/h5>\n<p style=\"text-align: center;\"><em>Verwaltung<\/em><br \/>\n <a href=\"mailto:administration@nautischkwartier.nl\">Administration@nautischkwartier.nl<\/a><\/p>\n<p>[\/vc_column_text][\/vc_column][\/vc_row]<\/p>\n<\/div>","protected":false},"excerpt":{"rendered":"<p>[vc_row][vc_column][vc_column_text css=&#8220;&#8220;] \u00dcBER NAUTISCH KWARTIER STAVOREN Jachtmakelaardij Nautisch Kwartier Stavoren ist ein junges Unternehmen mit einer reichen Geschichte. Arthur van der Werff ist der Besitzer von Nautisch Kwartier Stavoren. 1995 startete er eine Yachtvermittlung an dem einzigartigen Standort in Stavoren. Das Unternehmen hat sich zu einer sehr umfassenden Yachtwerft entwickelt, die mehrere Mitarbeiter besch\u00e4ftigt. Neben [&hellip;]<\/p>\n","protected":false},"author":1,"featured_media":0,"parent":0,"menu_order":0,"comment_status":"closed","ping_status":"closed","template":"","meta":{"_acf_changed":false,"footnotes":""},"class_list":["post-802","page","type-page","status-publish","hentry"],"acf":[],"price":null,"relation_code":null,"yoast_head":"<!-- This site is optimized with the Yoast SEO plugin v23.8 - https:\/\/yoast.com\/wordpress\/plugins\/seo\/ -->\n<title>Um - Nautisch Kwartier<\/title>\n<meta name=\"robots\" content=\"noindex, follow, max-snippet:-1, max-image-preview:large, max-video-preview:-1\" \/>\n<meta property=\"og:locale\" content=\"de_DE\" \/>\n<meta property=\"og:type\" content=\"article\" \/>\n<meta property=\"og:title\" content=\"Um - Nautisch Kwartier\" \/>\n<meta property=\"og:description\" content=\"[vc_row][vc_column][vc_column_text css=&#8220;&#8220;] \u00dcBER NAUTISCH KWARTIER STAVOREN Jachtmakelaardij Nautisch Kwartier Stavoren ist ein junges Unternehmen mit einer reichen Geschichte. Arthur van der Werff ist der Besitzer von Nautisch Kwartier Stavoren. 1995 startete er eine Yachtvermittlung an dem einzigartigen Standort in Stavoren. Das Unternehmen hat sich zu einer sehr umfassenden Yachtwerft entwickelt, die mehrere Mitarbeiter besch\u00e4ftigt. Neben [&hellip;]\" \/>\n<meta property=\"og:url\" content=\"https:\/\/test.mennobouma.com\/nautischkwartier\/de\/ueber-nks\/\" \/>\n<meta property=\"og:site_name\" content=\"Nautisch Kwartier\" \/>\n<meta property=\"article:modified_time\" content=\"2024-11-08T16:02:16+00:00\" \/>\n<meta name=\"twitter:card\" content=\"summary_large_image\" \/>\n<meta name=\"twitter:label1\" content=\"Gesch\u00e4tzte Lesezeit\" \/>\n\t<meta name=\"twitter:data1\" content=\"3\u00a0Minuten\" \/>\n<script type=\"application\/ld+json\" class=\"yoast-schema-graph\">{\"@context\":\"https:\/\/schema.org\",\"@graph\":[{\"@type\":\"WebPage\",\"@id\":\"https:\/\/test.mennobouma.com\/nautischkwartier\/de\/ueber-nks\/\",\"url\":\"https:\/\/test.mennobouma.com\/nautischkwartier\/de\/ueber-nks\/\",\"name\":\"Um - Nautisch Kwartier\",\"isPartOf\":{\"@id\":\"https:\/\/test.mennobouma.com\/nautischkwartier\/de\/#website\"},\"datePublished\":\"2024-08-13T08:57:17+00:00\",\"dateModified\":\"2024-11-08T16:02:16+00:00\",\"breadcrumb\":{\"@id\":\"https:\/\/test.mennobouma.com\/nautischkwartier\/de\/ueber-nks\/#breadcrumb\"},\"inLanguage\":\"de\",\"potentialAction\":[{\"@type\":\"ReadAction\",\"target\":[\"https:\/\/test.mennobouma.com\/nautischkwartier\/de\/ueber-nks\/\"]}]},{\"@type\":\"BreadcrumbList\",\"@id\":\"https:\/\/test.mennobouma.com\/nautischkwartier\/de\/ueber-nks\/#breadcrumb\",\"itemListElement\":[{\"@type\":\"ListItem\",\"position\":1,\"name\":\"Home\",\"item\":\"https:\/\/test.mennobouma.com\/nautischkwartier\/de\/luxurioese-segel-traumjachten\/\"},{\"@type\":\"ListItem\",\"position\":2,\"name\":\"Um\"}]},{\"@type\":\"WebSite\",\"@id\":\"https:\/\/test.mennobouma.com\/nautischkwartier\/de\/#website\",\"url\":\"https:\/\/test.mennobouma.com\/nautischkwartier\/de\/\",\"name\":\"Nautisch Kwartier\",\"description\":\"Luxury sailing dream yachts\",\"potentialAction\":[{\"@type\":\"SearchAction\",\"target\":{\"@type\":\"EntryPoint\",\"urlTemplate\":\"https:\/\/test.mennobouma.com\/nautischkwartier\/de\/?s={search_term_string}\"},\"query-input\":{\"@type\":\"PropertyValueSpecification\",\"valueRequired\":true,\"valueName\":\"search_term_string\"}}],\"inLanguage\":\"de\"}]}<\/script>\n<!-- \/ Yoast SEO plugin. -->","yoast_head_json":{"title":"Um - Nautisch Kwartier","robots":{"index":"noindex","follow":"follow","max-snippet":"max-snippet:-1","max-image-preview":"max-image-preview:large","max-video-preview":"max-video-preview:-1"},"og_locale":"de_DE","og_type":"article","og_title":"Um - Nautisch Kwartier","og_description":"[vc_row][vc_column][vc_column_text css=&#8220;&#8220;] \u00dcBER NAUTISCH KWARTIER STAVOREN Jachtmakelaardij Nautisch Kwartier Stavoren ist ein junges Unternehmen mit einer reichen Geschichte. Arthur van der Werff ist der Besitzer von Nautisch Kwartier Stavoren. 1995 startete er eine Yachtvermittlung an dem einzigartigen Standort in Stavoren. Das Unternehmen hat sich zu einer sehr umfassenden Yachtwerft entwickelt, die mehrere Mitarbeiter besch\u00e4ftigt. Neben [&hellip;]","og_url":"https:\/\/test.mennobouma.com\/nautischkwartier\/de\/ueber-nks\/","og_site_name":"Nautisch Kwartier","article_modified_time":"2024-11-08T16:02:16+00:00","twitter_card":"summary_large_image","twitter_misc":{"Gesch\u00e4tzte Lesezeit":"3\u00a0Minuten"},"schema":{"@context":"https:\/\/schema.org","@graph":[{"@type":"WebPage","@id":"https:\/\/test.mennobouma.com\/nautischkwartier\/de\/ueber-nks\/","url":"https:\/\/test.mennobouma.com\/nautischkwartier\/de\/ueber-nks\/","name":"Um - Nautisch Kwartier","isPartOf":{"@id":"https:\/\/test.mennobouma.com\/nautischkwartier\/de\/#website"},"datePublished":"2024-08-13T08:57:17+00:00","dateModified":"2024-11-08T16:02:16+00:00","breadcrumb":{"@id":"https:\/\/test.mennobouma.com\/nautischkwartier\/de\/ueber-nks\/#breadcrumb"},"inLanguage":"de","potentialAction":[{"@type":"ReadAction","target":["https:\/\/test.mennobouma.com\/nautischkwartier\/de\/ueber-nks\/"]}]},{"@type":"BreadcrumbList","@id":"https:\/\/test.mennobouma.com\/nautischkwartier\/de\/ueber-nks\/#breadcrumb","itemListElement":[{"@type":"ListItem","position":1,"name":"Home","item":"https:\/\/test.mennobouma.com\/nautischkwartier\/de\/luxurioese-segel-traumjachten\/"},{"@type":"ListItem","position":2,"name":"Um"}]},{"@type":"WebSite","@id":"https:\/\/test.mennobouma.com\/nautischkwartier\/de\/#website","url":"https:\/\/test.mennobouma.com\/nautischkwartier\/de\/","name":"Nautisch Kwartier","description":"Luxury sailing dream yachts","potentialAction":[{"@type":"SearchAction","target":{"@type":"EntryPoint","urlTemplate":"https:\/\/test.mennobouma.com\/nautischkwartier\/de\/?s={search_term_string}"},"query-input":{"@type":"PropertyValueSpecification","valueRequired":true,"valueName":"search_term_string"}}],"inLanguage":"de"}]}},"_links":{"self":[{"href":"https:\/\/test.mennobouma.com\/nautischkwartier\/de\/wp-json\/wp\/v2\/pages\/802","targetHints":{"allow":["GET"]}}],"collection":[{"href":"https:\/\/test.mennobouma.com\/nautischkwartier\/de\/wp-json\/wp\/v2\/pages"}],"about":[{"href":"https:\/\/test.mennobouma.com\/nautischkwartier\/de\/wp-json\/wp\/v2\/types\/page"}],"author":[{"embeddable":true,"href":"https:\/\/test.mennobouma.com\/nautischkwartier\/de\/wp-json\/wp\/v2\/users\/1"}],"replies":[{"embeddable":true,"href":"https:\/\/test.mennobouma.com\/nautischkwartier\/de\/wp-json\/wp\/v2\/comments?post=802"}],"version-history":[{"count":8,"href":"https:\/\/test.mennobouma.com\/nautischkwartier\/de\/wp-json\/wp\/v2\/pages\/802\/revisions"}],"predecessor-version":[{"id":1834,"href":"https:\/\/test.mennobouma.com\/nautischkwartier\/de\/wp-json\/wp\/v2\/pages\/802\/revisions\/1834"}],"wp:attachment":[{"href":"https:\/\/test.mennobouma.com\/nautischkwartier\/de\/wp-json\/wp\/v2\/media?parent=802"}],"curies":[{"name":"wp","href":"https:\/\/api.w.org\/{rel}","templated":true}]}}