{"id":800,"date":"2024-08-13T10:57:37","date_gmt":"2024-08-13T08:57:37","guid":{"rendered":"https:\/\/test.mennobouma.com\/nautischkwartier\/boat-shows\/"},"modified":"2024-11-08T17:01:38","modified_gmt":"2024-11-08T16:01:38","slug":"bootsmessen","status":"publish","type":"page","link":"https:\/\/test.mennobouma.com\/nautischkwartier\/de\/bootsmessen\/","title":{"rendered":"Bootsausstellungen"},"content":{"rendered":"<div class=\"wpb-content-wrapper\"><p>[vc_row][vc_column][vc_column_text css=&#8220;&#8220;]<\/p>\n<h1>\nBOAT SHOWS 2025\r\n<p>\nIn this exhibition agenda you can see at which (international) boat shows we are present as a Lagoon and Jeanneau dealer in the Netherlands. Meet us in 2025 at <a href=\"https:\/\/www.boot.com\/?msclkid=b85386dd388b1e8b0ee6e544d381eaa1&amp;utm_source=bing&amp;utm_medium=cpc&amp;utm_campaign=01_boot%202023%20-%20Brand%20-%20NL&amp;utm_term=boot%20D%C3%BCsseldorf&amp;utm_content=Brand%20-%20Boot%202023\">Boot Dusseldorf<\/a>,\u00a0<a href=\"https:\/\/www.multicoque-online.com\/en\/\">The international multihull show<\/a>,\u00a0<a href=\"https:\/\/www.hiswatewater.nl\/\">HISWA te water<\/a>\u00a0or\u00a0<a href=\"https:\/\/www.cannesyachtingfestival.com\/en-gb.html\">Cannes Yachting Festival<\/a> and let us inform you about your preferred brand.&#13;\n<p><\/p><p><!-- \/wp:post-content --><!-- \/wp:paragraph -->[\/vc_column_text][\/vc_column][\/vc_row][vc_row][vc_column width=&#8220;1\/2&#8243; css=&#8220;.vc_custom_1731078712759{padding-top: 200px !important;padding-bottom: 200px !important;background-image: url(https:\/\/test.mennobouma.com\/nautischkwartier\/wp-content\/uploads\/2024\/11\/Boot-Dusseldorf.png?id=1740) !important;background-position: center !important;background-repeat: no-repeat !important;background-size: cover !important;}&#8220;][\/vc_column][vc_column width=&#8220;1\/2&#8243; css=&#8220;.vc_custom_1723719066271{padding-top: 40px !important;padding-right: 30px !important;padding-bottom: 40px !important;padding-left: 30px !important;}&#8220;][vc_column_text css=&#8220;&#8220;]<\/p>\n<div class=\"wpb_text_column wpb_content_element \">\n<div class=\"wpb_wrapper\">\n<div class=\"wpb_text_column wpb_content_element vc_custom_1512382630134\">\n<div class=\"wpb_wrapper\">\n<h2>Boot D\u00fcsseldorf<\/h2>\n<p>Vom 18. bis 26. Januar finden Sie uns am Jeanneau-Stand auf <a href=\"https:\/\/www.boot.com\/\">der Boot D\u00fcsseldorf<\/a> . Sobald wir weitere Informationen dar\u00fcber haben, welche Modelle gezeigt werden, finden Sie diese hier. <\/p>\n<p>Lagoon wird auf der Messe mit einem Informationsstand vertreten sein.<\/p>\n<\/div>\n<\/div>\n<\/div>\n<\/div>\n<div class=\"wpb_text_column wpb_content_element \">\n<div class=\"wpb_wrapper\"> <\/div>\n<\/div>\n<p>[\/vc_column_text][vc_btn title=&#8220;Termin vereinbaren&#8220; color=&#8220;primary&#8220; css=&#8220;&#8220; link=&#8220;url:https%3A%2F%2Ftest.mennobouma.com%2Fnautischkwartier%2Fde%2Fkontakt%2F|target:_blank|&#8220;][\/vc_column][\/vc_row][vc_row el_class=&#8220;icon-nk&#8220;][vc_column][vc_single_image image=&#8220;686&#8243; alignment=&#8220;center&#8220; css=&#8220;.vc_custom_1723719182676{margin-top: -45px !important;margin-bottom: -45px !important;}&#8220;][\/vc_column][\/vc_row][vc_row full_width=&#8220;stretch_row&#8220; css=&#8220;.vc_custom_1723721044709{background-color: #ffffff !important;}&#8220;][vc_column width=&#8220;1\/2&#8243; css=&#8220;.vc_custom_1723728557515{padding-top: 40px !important;padding-right: 15px !important;padding-bottom: 40px !important;padding-left: 15px !important;background-position: center !important;background-repeat: no-repeat !important;background-size: cover !important;}&#8220;][vc_column_text css=&#8220;&#8220;]<\/p>\n<h2>Internationale Mehrrumpfausstellung<\/h2>\n<p>Vom 23. bis 27. April findet ihr uns am Lagoon-Stand auf der <a href=\"https:\/\/www.multicoque-online.com\/en\/\">International Multihull Show<\/a> in La Grande Motte, Frankreich. Sobald wir weitere Informationen haben, welche Modelle gezeigt werden, lest ihr es hier. <\/p>\n<p>[\/vc_column_text][vc_btn title=&#8220;Termin vereinbaren&#8220; color=&#8220;primary&#8220; css=&#8220;&#8220; link=&#8220;url:https%3A%2F%2Ftest.mennobouma.com%2Fnautischkwartier%2Fde%2Fkontakt%2F|target:_blank|&#8220;][\/vc_column][vc_column width=&#8220;1\/2&#8243; css=&#8220;.vc_custom_1731078743413{padding-top: 200px !important;padding-bottom: 200px !important;background-image: url(https:\/\/test.mennobouma.com\/nautischkwartier\/wp-content\/uploads\/2024\/11\/Lagoon-International-Multihull-show.png?id=1743) !important;background-position: center !important;background-repeat: no-repeat !important;background-size: cover !important;}&#8220;][\/vc_column][\/vc_row][vc_row el_class=&#8220;icon-nk&#8220;][vc_column][vc_single_image image=&#8220;686&#8243; alignment=&#8220;center&#8220; css=&#8220;.vc_custom_1723719182676{margin-top: -45px !important;margin-bottom: -45px !important;}&#8220;][\/vc_column][\/vc_row][vc_row full_width=&#8220;stretch_row&#8220;][vc_column width=&#8220;1\/2&#8243; css=&#8220;.vc_custom_1731078913437{padding-top: 200px !important;padding-bottom: 200px !important;background-image: url(https:\/\/test.mennobouma.com\/nautischkwartier\/wp-content\/uploads\/2024\/11\/Hiswa-te-Water-Guy-Fleury.png?id=1747) !important;background-position: center !important;background-repeat: no-repeat !important;background-size: cover !important;}&#8220;][\/vc_column][vc_column width=&#8220;1\/2&#8243; css=&#8220;.vc_custom_1723719066271{padding-top: 40px !important;padding-right: 30px !important;padding-bottom: 40px !important;padding-left: 30px !important;}&#8220;][vc_column_text css=&#8220;&#8220;]<\/p>\n<div class=\"wpb_text_column wpb_content_element \">\n<div class=\"wpb_wrapper\">\n<div class=\"wpb_text_column wpb_content_element vc_custom_1512382630134\">\n<div class=\"wpb_wrapper\">\n<h2>Hiswa te Wasser<\/h2>\n<p>Vom 3. bis 7. September finden Sie uns auf der gr\u00f6\u00dften In-Water-Bootsmesse Nordeuropas, der <a href=\"https:\/\/www.hiswatewater.nl\/\">Hiswa te Water<\/a> im Batavia Haven im niederl\u00e4ndischen Lelystad.<\/p>\n<p>Wir bringen sowohl einen Lagoon-Katamaran als auch Jeanneau-Segelyachten mit zur Messe. Sobald wir wissen, um welche Modelle es sich dabei handelt, erfahrt ihr es hier. <\/p>\n<\/div>\n<\/div>\n<\/div>\n<\/div>\n<div class=\"wpb_text_column wpb_content_element \">\n<div class=\"wpb_wrapper\"> <\/div>\n<\/div>\n<p>[\/vc_column_text][vc_btn title=&#8220;Termin vereinbaren&#8220; color=&#8220;primary&#8220; css=&#8220;&#8220; link=&#8220;url:https%3A%2F%2Ftest.mennobouma.com%2Fnautischkwartier%2Fde%2Fkontakt%2F|target:_blank|&#8220;][\/vc_column][\/vc_row][vc_row el_class=&#8220;icon-nk&#8220;][vc_column][vc_single_image image=&#8220;686&#8243; alignment=&#8220;center&#8220; css=&#8220;.vc_custom_1723719182676{margin-top: -45px !important;margin-bottom: -45px !important;}&#8220;][\/vc_column][\/vc_row][vc_row full_width=&#8220;stretch_row&#8220; css=&#8220;.vc_custom_1731079574811{background-color: #ffffff !important;}&#8220;][vc_column width=&#8220;1\/2&#8243; css=&#8220;.vc_custom_1723728557515{padding-top: 40px !important;padding-right: 15px !important;padding-bottom: 40px !important;padding-left: 15px !important;background-position: center !important;background-repeat: no-repeat !important;background-size: cover !important;}&#8220;][vc_column_text css=&#8220;&#8220;]<\/p>\n<h2>Cannes Yachting Festival<\/h2>\n<p>Vom 9. bis 14. September findet ihr uns mit Jeanneau und Lagoon auf dem <a href=\"https:\/\/www.cannesyachtingfestival.com\/en-gb.html#\/\">Cannes Yachting Festival<\/a> im franz\u00f6sischen Cannes. Sobald wir weitere Informationen haben, welche Modelle die Marken zeigen, k\u00f6nnt ihr sie hier lesen. <\/p>\n<p>[\/vc_column_text][vc_btn title=&#8220;Termin vereinbaren&#8220; color=&#8220;primary&#8220; css=&#8220;&#8220; link=&#8220;url:https%3A%2F%2Ftest.mennobouma.com%2Fnautischkwartier%2Fde%2Fkontakt%2F|target:_blank|&#8220;][\/vc_column][vc_column width=&#8220;1\/2&#8243; css=&#8220;.vc_custom_1731079386495{padding-top: 200px !important;padding-bottom: 200px !important;background-image: url(https:\/\/test.mennobouma.com\/nautischkwartier\/wp-content\/uploads\/2024\/11\/Cannes-yachting-festival.png?id=1750) !important;background-position: center !important;background-repeat: no-repeat !important;background-size: cover !important;}&#8220;][\/vc_column][\/vc_row][vc_row][vc_column][vc_column_text css=&#8220;&#8220;]<\/p>\n<p>&nbsp;<\/p>\n<p>&nbsp;<\/p>\n<p>Selbstverst\u00e4ndlich k\u00f6nnen Sie sich auch au\u00dferhalb der Messen \u00fcber die Jeanneau Segelyachten und\/oder Lagoon Katamarane informieren und die M\u00f6glichkeiten mit uns besprechen. Vereinbaren Sie \u00fcber das <a href=\"https:\/\/www.nautischkwartier.nl\/en\/contact\/\">Kontaktformular<\/a> einen Termin mit unserem Jeanneau- oder Lagoon-Spezialisten. <\/p>\n<p><!-- \/wp:paragraph --><\/p>\n<p><!-- wp:paragraph --><strong>Wir freuen uns auf Sie!<\/strong><\/p>\n<p>[\/vc_column_text][\/vc_column][\/vc_row][vc_row full_width=&#8220;stretch_row_content_no_spaces&#8220;][vc_column][vc_single_image image=&#8220;1551&#8243; img_size=&#8220;full&#8220; alignment=&#8220;center&#8220; css=&#8220;&#8220;][\/vc_column][\/vc_row]<\/p>\n<\/div>","protected":false},"excerpt":{"rendered":"<p>[vc_row][vc_column][vc_column_text css=&#8220;&#8220;] BOAT SHOWS 2025 In this exhibition agenda you can see at which (international) boat shows we are present as a Lagoon and Jeanneau dealer in the Netherlands. Meet us in 2025 at Boot Dusseldorf,\u00a0The international multihull show,\u00a0HISWA te water\u00a0or\u00a0Cannes Yachting Festival and let us inform you about your preferred brand.&#13; [\/vc_column_text][\/vc_column][\/vc_row][vc_row][vc_column width=&#8220;1\/2&#8243; css=&#8220;.vc_custom_1731078712759{padding-top: [&hellip;]<\/p>\n","protected":false},"author":1,"featured_media":0,"parent":0,"menu_order":0,"comment_status":"closed","ping_status":"closed","template":"","meta":{"_acf_changed":false,"footnotes":""},"class_list":["post-800","page","type-page","status-publish","hentry"],"acf":[],"price":null,"relation_code":null,"yoast_head":"<!-- This site is optimized with the Yoast SEO plugin v23.8 - https:\/\/yoast.com\/wordpress\/plugins\/seo\/ -->\n<title>Bootsausstellungen - Nautisch Kwartier<\/title>\n<meta name=\"robots\" content=\"noindex, follow, max-snippet:-1, max-image-preview:large, max-video-preview:-1\" \/>\n<meta property=\"og:locale\" content=\"de_DE\" \/>\n<meta property=\"og:type\" content=\"article\" \/>\n<meta property=\"og:title\" content=\"Bootsausstellungen - Nautisch Kwartier\" \/>\n<meta property=\"og:description\" content=\"[vc_row][vc_column][vc_column_text css=&#8220;&#8220;] BOAT SHOWS 2025 In this exhibition agenda you can see at which (international) boat shows we are present as a Lagoon and Jeanneau dealer in the Netherlands. Meet us in 2025 at Boot Dusseldorf,\u00a0The international multihull show,\u00a0HISWA te water\u00a0or\u00a0Cannes Yachting Festival and let us inform you about your preferred brand.&#013; [\/vc_column_text][\/vc_column][\/vc_row][vc_row][vc_column width=&#8220;1\/2&#8243; css=&#8220;.vc_custom_1731078712759{padding-top: [&hellip;]\" \/>\n<meta property=\"og:url\" content=\"https:\/\/test.mennobouma.com\/nautischkwartier\/de\/bootsmessen\/\" \/>\n<meta property=\"og:site_name\" content=\"Nautisch Kwartier\" \/>\n<meta property=\"article:modified_time\" content=\"2024-11-08T16:01:38+00:00\" \/>\n<meta name=\"twitter:card\" content=\"summary_large_image\" \/>\n<meta name=\"twitter:label1\" content=\"Gesch\u00e4tzte Lesezeit\" \/>\n\t<meta name=\"twitter:data1\" content=\"1\u00a0Minute\" \/>\n<script type=\"application\/ld+json\" class=\"yoast-schema-graph\">{\"@context\":\"https:\/\/schema.org\",\"@graph\":[{\"@type\":\"WebPage\",\"@id\":\"https:\/\/test.mennobouma.com\/nautischkwartier\/de\/bootsmessen\/\",\"url\":\"https:\/\/test.mennobouma.com\/nautischkwartier\/de\/bootsmessen\/\",\"name\":\"Bootsausstellungen - Nautisch Kwartier\",\"isPartOf\":{\"@id\":\"https:\/\/test.mennobouma.com\/nautischkwartier\/de\/#website\"},\"datePublished\":\"2024-08-13T08:57:37+00:00\",\"dateModified\":\"2024-11-08T16:01:38+00:00\",\"breadcrumb\":{\"@id\":\"https:\/\/test.mennobouma.com\/nautischkwartier\/de\/bootsmessen\/#breadcrumb\"},\"inLanguage\":\"de\",\"potentialAction\":[{\"@type\":\"ReadAction\",\"target\":[\"https:\/\/test.mennobouma.com\/nautischkwartier\/de\/bootsmessen\/\"]}]},{\"@type\":\"BreadcrumbList\",\"@id\":\"https:\/\/test.mennobouma.com\/nautischkwartier\/de\/bootsmessen\/#breadcrumb\",\"itemListElement\":[{\"@type\":\"ListItem\",\"position\":1,\"name\":\"Home\",\"item\":\"https:\/\/test.mennobouma.com\/nautischkwartier\/de\/luxurioese-segel-traumjachten\/\"},{\"@type\":\"ListItem\",\"position\":2,\"name\":\"Bootsausstellungen\"}]},{\"@type\":\"WebSite\",\"@id\":\"https:\/\/test.mennobouma.com\/nautischkwartier\/de\/#website\",\"url\":\"https:\/\/test.mennobouma.com\/nautischkwartier\/de\/\",\"name\":\"Nautisch Kwartier\",\"description\":\"Luxury sailing dream yachts\",\"potentialAction\":[{\"@type\":\"SearchAction\",\"target\":{\"@type\":\"EntryPoint\",\"urlTemplate\":\"https:\/\/test.mennobouma.com\/nautischkwartier\/de\/?s={search_term_string}\"},\"query-input\":{\"@type\":\"PropertyValueSpecification\",\"valueRequired\":true,\"valueName\":\"search_term_string\"}}],\"inLanguage\":\"de\"}]}<\/script>\n<!-- \/ Yoast SEO plugin. -->","yoast_head_json":{"title":"Bootsausstellungen - Nautisch Kwartier","robots":{"index":"noindex","follow":"follow","max-snippet":"max-snippet:-1","max-image-preview":"max-image-preview:large","max-video-preview":"max-video-preview:-1"},"og_locale":"de_DE","og_type":"article","og_title":"Bootsausstellungen - Nautisch Kwartier","og_description":"[vc_row][vc_column][vc_column_text css=&#8220;&#8220;] BOAT SHOWS 2025 In this exhibition agenda you can see at which (international) boat shows we are present as a Lagoon and Jeanneau dealer in the Netherlands. Meet us in 2025 at Boot Dusseldorf,\u00a0The international multihull show,\u00a0HISWA te water\u00a0or\u00a0Cannes Yachting Festival and let us inform you about your preferred brand.&#13; [\/vc_column_text][\/vc_column][\/vc_row][vc_row][vc_column width=&#8220;1\/2&#8243; css=&#8220;.vc_custom_1731078712759{padding-top: [&hellip;]","og_url":"https:\/\/test.mennobouma.com\/nautischkwartier\/de\/bootsmessen\/","og_site_name":"Nautisch Kwartier","article_modified_time":"2024-11-08T16:01:38+00:00","twitter_card":"summary_large_image","twitter_misc":{"Gesch\u00e4tzte Lesezeit":"1\u00a0Minute"},"schema":{"@context":"https:\/\/schema.org","@graph":[{"@type":"WebPage","@id":"https:\/\/test.mennobouma.com\/nautischkwartier\/de\/bootsmessen\/","url":"https:\/\/test.mennobouma.com\/nautischkwartier\/de\/bootsmessen\/","name":"Bootsausstellungen - Nautisch Kwartier","isPartOf":{"@id":"https:\/\/test.mennobouma.com\/nautischkwartier\/de\/#website"},"datePublished":"2024-08-13T08:57:37+00:00","dateModified":"2024-11-08T16:01:38+00:00","breadcrumb":{"@id":"https:\/\/test.mennobouma.com\/nautischkwartier\/de\/bootsmessen\/#breadcrumb"},"inLanguage":"de","potentialAction":[{"@type":"ReadAction","target":["https:\/\/test.mennobouma.com\/nautischkwartier\/de\/bootsmessen\/"]}]},{"@type":"BreadcrumbList","@id":"https:\/\/test.mennobouma.com\/nautischkwartier\/de\/bootsmessen\/#breadcrumb","itemListElement":[{"@type":"ListItem","position":1,"name":"Home","item":"https:\/\/test.mennobouma.com\/nautischkwartier\/de\/luxurioese-segel-traumjachten\/"},{"@type":"ListItem","position":2,"name":"Bootsausstellungen"}]},{"@type":"WebSite","@id":"https:\/\/test.mennobouma.com\/nautischkwartier\/de\/#website","url":"https:\/\/test.mennobouma.com\/nautischkwartier\/de\/","name":"Nautisch Kwartier","description":"Luxury sailing dream yachts","potentialAction":[{"@type":"SearchAction","target":{"@type":"EntryPoint","urlTemplate":"https:\/\/test.mennobouma.com\/nautischkwartier\/de\/?s={search_term_string}"},"query-input":{"@type":"PropertyValueSpecification","valueRequired":true,"valueName":"search_term_string"}}],"inLanguage":"de"}]}},"_links":{"self":[{"href":"https:\/\/test.mennobouma.com\/nautischkwartier\/de\/wp-json\/wp\/v2\/pages\/800","targetHints":{"allow":["GET"]}}],"collection":[{"href":"https:\/\/test.mennobouma.com\/nautischkwartier\/de\/wp-json\/wp\/v2\/pages"}],"about":[{"href":"https:\/\/test.mennobouma.com\/nautischkwartier\/de\/wp-json\/wp\/v2\/types\/page"}],"author":[{"embeddable":true,"href":"https:\/\/test.mennobouma.com\/nautischkwartier\/de\/wp-json\/wp\/v2\/users\/1"}],"replies":[{"embeddable":true,"href":"https:\/\/test.mennobouma.com\/nautischkwartier\/de\/wp-json\/wp\/v2\/comments?post=800"}],"version-history":[{"count":3,"href":"https:\/\/test.mennobouma.com\/nautischkwartier\/de\/wp-json\/wp\/v2\/pages\/800\/revisions"}],"predecessor-version":[{"id":1762,"href":"https:\/\/test.mennobouma.com\/nautischkwartier\/de\/wp-json\/wp\/v2\/pages\/800\/revisions\/1762"}],"wp:attachment":[{"href":"https:\/\/test.mennobouma.com\/nautischkwartier\/de\/wp-json\/wp\/v2\/media?parent=800"}],"curies":[{"name":"wp","href":"https:\/\/api.w.org\/{rel}","templated":true}]}}