{"id":675,"date":"2024-08-15T12:36:25","date_gmt":"2024-08-15T10:36:25","guid":{"rendered":"https:\/\/test.mennobouma.com\/nautischkwartier\/luxurioese-segel-traumjachten\/"},"modified":"2024-11-08T17:01:39","modified_gmt":"2024-11-08T16:01:39","slug":"luxurioese-segel-traumjachten","status":"publish","type":"page","link":"https:\/\/test.mennobouma.com\/nautischkwartier\/de\/","title":{"rendered":"Nautisch Kwartier Stavoren"},"content":{"rendered":"<div class=\"wpb-content-wrapper\"><p>[vc_row][vc_column width=&#8220;1\/2&#8243; css=&#8220;.vc_custom_1729089765682{padding-top: 200px !important;padding-bottom: 200px !important;background-image: url(https:\/\/test.mennobouma.com\/nautischkwartier\/wp-content\/uploads\/2024\/10\/Ontwerp-zonder-titel.jpg?id=1493) !important;background-position: center !important;background-repeat: no-repeat !important;background-size: cover !important;}&#8220;][\/vc_column][vc_column width=&#8220;1\/2&#8243; css=&#8220;.vc_custom_1723719066271{padding-top: 40px !important;padding-right: 30px !important;padding-bottom: 40px !important;padding-left: 30px !important;}&#8220;][vc_column_text css=&#8220;&#8220;]<\/p>\n<p class=\"p1\"><img loading=\"lazy\" decoding=\"async\" class=\"alignnone size-full wp-image-755\" src=\"https:\/\/test.mennobouma.com\/nautischkwartier\/wp-content\/uploads\/2024\/08\/logo-lagoon-2.png\" alt=\"\" width=\"169\" height=\"75\"><\/p>\n<p class=\"p1\">M\u00f6chten Sie die Ruhe genie\u00dfen, die Sie erleben, wenn Sie den Motor abstellen und durch den Wind weiterfahren? Die Segelkatamarane von Lagoon sind bekannt f\u00fcr: hohe Qualit\u00e4t, solide Konstruktion und \u00fcberdurchschnittliche Leistung unter Segeln. Das luxuri\u00f6se Interieur und die volumin\u00f6sen R\u00fcmpfe sorgen f\u00fcr einen komfortablen Aufenthalt an Bord dieser Mehrrumpfboote.  <\/p>\n<p>[\/vc_column_text][vc_btn title=&#8220;Entdecken Sie die Lagune&#8220; style=&#8220;flat&#8220; color=&#8220;turquoise&#8220; css=&#8220;&#8220; link=&#8220;url:https%3A%2F%2Ftest.mennobouma.com%2Fnautischkwartier%2Fde%2Flagoon-catamarans%2F|title:Lagoon-Katamarane|&#8220;][\/vc_column][\/vc_row][vc_row el_class=&#8220;icon-nk&#8220;][vc_column][vc_single_image image=&#8220;686&#8243; alignment=&#8220;center&#8220; css=&#8220;.vc_custom_1723719182676{margin-top: -45px !important;margin-bottom: -45px !important;}&#8220;][\/vc_column][\/vc_row][vc_row full_width=&#8220;stretch_row&#8220; css=&#8220;.vc_custom_1723721044709{background-color: #ffffff !important;}&#8220;][vc_column width=&#8220;1\/2&#8243; css=&#8220;.vc_custom_1723728557515{padding-top: 40px !important;padding-right: 15px !important;padding-bottom: 40px !important;padding-left: 15px !important;background-position: center !important;background-repeat: no-repeat !important;background-size: cover !important;}&#8220;][vc_column_text css=&#8220;&#8220;]<\/p>\n<p class=\"p1\"><img loading=\"lazy\" decoding=\"async\" class=\"alignnone wp-image-1506 size-full\" src=\"https:\/\/test.mennobouma.com\/nautischkwartier\/wp-content\/uploads\/2024\/10\/JEANNEAU.jpg\" alt=\"\" width=\"172\" height=\"100\"><\/p>\n<p class=\"p1\">Bei der neuen Generation von Jeanneau-Yachten dreht sich alles um das Teilen von Erlebnissen und das gemeinsame Genie\u00dfen des Lebens auf See. Die sechs Sun Odyssey-Modelle mit einer L\u00e4nge von 349 bis 518 Fu\u00df sind unerm\u00fcdliche Segelyachten. <\/p>\n<p>[\/vc_column_text][vc_btn title=&#8220;Entdecken Sie Jeanneau&#8220; style=&#8220;flat&#8220; color=&#8220;danger&#8220; css=&#8220;&#8220; link=&#8220;url:https%3A%2F%2Ftest.mennobouma.com%2Fnautischkwartier%2Fde%2Fjeanneau-sailing-yachts%2F|title:Jeanneau%20Segelyachten|&#8220;][\/vc_column][vc_column width=&#8220;1\/2&#8243; css=&#8220;.vc_custom_1729089878861{padding-top: 200px !important;padding-bottom: 200px !important;background-image: url(https:\/\/test.mennobouma.com\/nautischkwartier\/wp-content\/uploads\/2024\/10\/Ontwerp-zonder-titel-1.jpg?id=1496) !important;background-position: center !important;background-repeat: no-repeat !important;background-size: cover !important;}&#8220;][\/vc_column][\/vc_row][vc_row full_width=&#8220;stretch_row&#8220; css=&#8220;.vc_custom_1729243691867{padding-top: 40px !important;padding-bottom: 40px !important;background-color: #b8b9b9 !important;}&#8220;][vc_column][vc_column_text css=&#8220;&#8220;]<\/p>\n<h2 class=\"handwritten\" style=\"font-size: 3rem;\"><span style=\"color: #ffffff;\">Meine Yacht verkaufen<\/span><\/h2>\n<p><span style=\"color: #ffffff;\">Sie m\u00f6chten Ihre Yacht verkaufen und m\u00f6chten daf\u00fcr den besten Preis erzielen? Dann sind Sie bei Nautisch Kwartier Stavoren an der richtigen Adresse. Wir suchen f\u00fcr Sie in k\u00fcrzester Zeit und zum richtigen Preis einen K\u00e4ufer f\u00fcr Ihr Schiff.   Mit fast drei\u00dfig Jahren Erfahrung im Yachtmaklergesch\u00e4ft haben wir ein gro\u00dfes Netzwerk aufgebaut und wissen, was auf dem Markt passiert.<\/span>[\/vc_column_text][vc_btn title=&#8220;Mehr Infos&#8220; style=&#8220;flat&#8220; color=&#8220;primary&#8220; css=&#8220;&#8220; link=&#8220;url:https%3A%2F%2Ftest.mennobouma.com%2Fnautischkwartier%2Fde%2Fyacht-verkaufen%2F|title:Yacht%20verkaufen|&#8220;][\/vc_column][\/vc_row][vc_row full_width=&#8220;stretch_row&#8220; css=&#8220;.vc_custom_1729246190818{padding-top: 40px !important;padding-bottom: 40px !important;background-image: url(https:\/\/test.mennobouma.com\/nautischkwartier\/wp-content\/uploads\/2024\/10\/Hanse-385-1-van-67-scaled.jpg?id=1545) !important;background-position: center !important;background-repeat: no-repeat !important;background-size: cover !important;}&#8220;][vc_column width=&#8220;1\/2&#8243;][\/vc_column][vc_column width=&#8220;1\/2&#8243;][vc_column_text css=&#8220;&#8220;]<\/p>\n<h2 style=\"text-align: right;\"><span style=\"color: #ffffff;\">Service<\/span><\/h2>\n<p style=\"text-align: right;\"><span style=\"color: #ffffff;\">Nautisch Kwartier Stavoren verf\u00fcgt \u00fcber alle notwendigen Einrichtungen, um erfolgreich in der Wassersportbranche t\u00e4tig zu sein.<\/span><\/p>\n<p>[\/vc_column_text][vc_btn title=&#8220;Mehr lesen&#8220; style=&#8220;flat&#8220; color=&#8220;primary&#8220; align=&#8220;right&#8220; css=&#8220;&#8220; link=&#8220;url:https%3A%2F%2Ftest.mennobouma.com%2Fnautischkwartier%2Fde%2Fservice%2F|title:Service|&#8220;][\/vc_column][\/vc_row][vc_row full_width=&#8220;stretch_row&#8220; css=&#8220;.vc_custom_1723728911336{padding-top: 0px !important;padding-bottom: 0px !important;background-color: #00c0f3 !important;}&#8220;][vc_column][vc_column_text css=&#8220;&#8220;]<\/p>\n<h3 class=\"p1\" style=\"text-align: center;\"><span style=\"color: #ffffff;\"><b>NAUTISCH KWARTIER STAVOREN, OFFIZIELLER MARKENH\u00c4NDLER VON<\/b><\/span><\/h3>\n<p>[\/vc_column_text][\/vc_column][\/vc_row][vc_row full_width=&#8220;stretch_row&#8220; css=&#8220;.vc_custom_1723734651146{background-color: #ffffff !important;}&#8220;][vc_column width=&#8220;1\/5&#8243; offset=&#8220;vc_col-xs-6&#8243;][vc_single_image image=&#8220;1506&#8243; img_size=&#8220;&#8220; alignment=&#8220;center&#8220; css=&#8220;&#8220;][\/vc_column][vc_column width=&#8220;1\/5&#8243; offset=&#8220;vc_col-xs-6&#8243;][vc_single_image image=&#8220;1509&#8243; img_size=&#8220;&#8220; alignment=&#8220;center&#8220; css=&#8220;&#8220;][\/vc_column][vc_column width=&#8220;1\/5&#8243;][vc_single_image image=&#8220;1515&#8243; img_size=&#8220;&#8220; alignment=&#8220;center&#8220; css=&#8220;&#8220;][\/vc_column][vc_column width=&#8220;1\/5&#8243;][vc_single_image image=&#8220;1518&#8243; img_size=&#8220;&#8220; alignment=&#8220;center&#8220; css=&#8220;&#8220;][\/vc_column][vc_column width=&#8220;1\/5&#8243; offset=&#8220;vc_col-xs-6&#8243;][vc_single_image image=&#8220;1512&#8243; img_size=&#8220;&#8220; alignment=&#8220;center&#8220; css=&#8220;&#8220;][\/vc_column][\/vc_row][vc_row][vc_column width=&#8220;1\/2&#8243; css=&#8220;.vc_custom_1729244693760{padding-top: 200px !important;padding-bottom: 200px !important;background-image: url(https:\/\/test.mennobouma.com\/nautischkwartier\/wp-content\/uploads\/2024\/10\/Ontwerp-zonder-titel-2.jpg?id=1538) !important;background-position: center !important;background-repeat: no-repeat !important;background-size: cover !important;}&#8220;][\/vc_column][vc_column width=&#8220;1\/2&#8243; css=&#8220;.vc_custom_1723719066271{padding-top: 40px !important;padding-right: 30px !important;padding-bottom: 40px !important;padding-left: 30px !important;}&#8220;][vc_column_text css=&#8220;&#8220;]<\/p>\n<h2 class=\"handwritten\">Bootsmessen und Events<\/h2>\n<p>  In diesem Messekalender k\u00f6nnen Sie sehen, auf welchen (internationalen) Bootsmessen wir als Lagoon- und Jeanneau-H\u00e4ndler der Niederlande vertreten sind. Treffen Sie uns 2024 auf der Boot D\u00fcsseldorf, La Grande Motte, Hiswa te water oder dem Cannes Yachting Festival und lassen Sie sich von uns \u00fcber die Marke Ihrer Wahl informieren. Nat\u00fcrlich k\u00f6nnen wir Ihnen auch alles \u00fcber die neuesten Modelle erz\u00e4hlen.[\/vc_column_text][vc_btn title=&#8220;Treffen Sie uns&#8220; style=&#8220;flat&#8220; color=&#8220;primary&#8220; css=&#8220;&#8220; link=&#8220;url:https%3A%2F%2Ftest.mennobouma.com%2Fnautischkwartier%2Fde%2Fbootsmessen%2F|title:Bootsausstellungen|&#8220;][\/vc_column][\/vc_row][vc_row el_class=&#8220;icon-nk&#8220;][vc_column][vc_single_image image=&#8220;686&#8243; alignment=&#8220;center&#8220; css=&#8220;.vc_custom_1723719182676{margin-top: -45px !important;margin-bottom: -45px !important;}&#8220;][\/vc_column][\/vc_row][vc_row full_width=&#8220;stretch_row&#8220; css=&#8220;.vc_custom_1723721086438{background-color: #ffffff !important;}&#8220;][vc_column width=&#8220;1\/2&#8243; css=&#8220;.vc_custom_1723728644661{padding-top: 40px !important;padding-right: 15px !important;padding-bottom: 40px !important;padding-left: 15px !important;background-position: center !important;background-repeat: no-repeat !important;background-size: cover !important;}&#8220;][vc_column_text css=&#8220;&#8220;]<\/p>\n<h2 class=\"p1\">\u00dcber uns<\/h2>\n<p>  Jachtmakelaardij Nautisch Kwartier Stavoren ist ein junges Unternehmen mit einer reichen Geschichte. Arthur van der Werff ist der Besitzer von Nautisch Kwartier Stavoren. 1995 startete er eine Yachtvermittlung an dem einzigartigen Standort in Stavoren. Das Unternehmen hat sich zu einer sehr umfassenden Yachtwerft entwickelt, die mehrere Mitarbeiter besch\u00e4ftigt. Neben der Yachtvermittlung ist Nautisch Kwartier Stavoren stolzer Importeur von Jeanneau-Segelyachten und Lagoon-Katamaranen.[\/vc_column_text][vc_btn title=&#8220;Mehr lesen&#8220; style=&#8220;flat&#8220; color=&#8220;primary&#8220; css=&#8220;&#8220; link=&#8220;url:https%3A%2F%2Ftest.mennobouma.com%2Fnautischkwartier%2Fde%2Fueber-nks%2F|title:Um|&#8220;][\/vc_column][vc_column width=&#8220;1\/2&#8243; css=&#8220;.vc_custom_1729245941279{padding-top: 200px !important;padding-bottom: 200px !important;background-image: url(https:\/\/test.mennobouma.com\/nautischkwartier\/wp-content\/uploads\/2024\/10\/Ontwerp-zonder-titel-1-1.jpg?id=1541) !important;background-position: center !important;background-repeat: no-repeat !important;background-size: cover !important;}&#8220;][\/vc_column][\/vc_row][vc_row full_width=&#8220;stretch_row&#8220; css=&#8220;.vc_custom_1729244362414{padding-top: 100px !important;padding-bottom: 100px !important;background-image: url(https:\/\/test.mennobouma.com\/nautischkwartier\/wp-content\/uploads\/2024\/10\/Jeanneau-Sun-Odyssey-2-2.jpg?id=1523) !important;background-position: center !important;background-repeat: no-repeat !important;background-size: cover !important;}&#8220;][vc_column width=&#8220;1\/2&#8243;][\/vc_column][vc_column width=&#8220;1\/2&#8243;][vc_column_text css=&#8220;&#8220;]<\/p>\n<h2 style=\"text-align: right;\"><span style=\"color: #ffffff;\">Kontakt<\/span><\/h2>\n<p style=\"text-align: right;\"><span style=\"color: #ffffff;\">Wenn Sie Fragen und\/oder Anmerkungen haben, k\u00f6nnen Sie gerne Kontakt mit uns aufnehmen.<\/span><\/p>\n<p>[\/vc_column_text][vc_btn title=&#8220;Mehr lesen&#8220; style=&#8220;flat&#8220; color=&#8220;primary&#8220; align=&#8220;right&#8220; css=&#8220;&#8220; link=&#8220;url:https%3A%2F%2Ftest.mennobouma.com%2Fnautischkwartier%2Fde%2Fkontakt%2F|title:Kontakt|&#8220;][\/vc_column][\/vc_row]<\/p>\n<\/div>","protected":false},"excerpt":{"rendered":"<p>[vc_row][vc_column width=&#8220;1\/2&#8243; css=&#8220;.vc_custom_1729089765682{padding-top: 200px !important;padding-bottom: 200px !important;background-image: url(https:\/\/test.mennobouma.com\/nautischkwartier\/wp-content\/uploads\/2024\/10\/Ontwerp-zonder-titel.jpg?id=1493) !important;background-position: center !important;background-repeat: no-repeat !important;background-size: cover !important;}&#8220;][\/vc_column][vc_column width=&#8220;1\/2&#8243; css=&#8220;.vc_custom_1723719066271{padding-top: 40px !important;padding-right: 30px !important;padding-bottom: 40px !important;padding-left: 30px !important;}&#8220;][vc_column_text css=&#8220;&#8220;] M\u00f6chten Sie die Ruhe genie\u00dfen, die Sie erleben, wenn Sie den Motor abstellen und durch den Wind weiterfahren? Die Segelkatamarane von Lagoon sind bekannt f\u00fcr: hohe Qualit\u00e4t, solide Konstruktion [&hellip;]<\/p>\n","protected":false},"author":1,"featured_media":0,"parent":0,"menu_order":0,"comment_status":"closed","ping_status":"closed","template":"","meta":{"_acf_changed":false,"footnotes":""},"class_list":["post-675","page","type-page","status-publish","hentry"],"acf":[],"price":null,"relation_code":null,"yoast_head":"<!-- This site is optimized with the Yoast SEO plugin v23.8 - https:\/\/yoast.com\/wordpress\/plugins\/seo\/ -->\n<title>Nautisch Kwartier Stavoren - Nautisch Kwartier<\/title>\n<meta name=\"robots\" content=\"noindex, follow, max-snippet:-1, max-image-preview:large, max-video-preview:-1\" \/>\n<meta property=\"og:locale\" content=\"de_DE\" \/>\n<meta property=\"og:type\" content=\"article\" \/>\n<meta property=\"og:title\" content=\"Nautisch Kwartier Stavoren - Nautisch Kwartier\" \/>\n<meta property=\"og:description\" content=\"[vc_row][vc_column width=&#8220;1\/2&#8243; css=&#8220;.vc_custom_1729089765682{padding-top: 200px !important;padding-bottom: 200px !important;background-image: url(https:\/\/test.mennobouma.com\/nautischkwartier\/wp-content\/uploads\/2024\/10\/Ontwerp-zonder-titel.jpg?id=1493) !important;background-position: center !important;background-repeat: no-repeat !important;background-size: cover !important;}&#8220;][\/vc_column][vc_column width=&#8220;1\/2&#8243; css=&#8220;.vc_custom_1723719066271{padding-top: 40px !important;padding-right: 30px !important;padding-bottom: 40px !important;padding-left: 30px !important;}&#8220;][vc_column_text css=&#8220;&#8220;] M\u00f6chten Sie die Ruhe genie\u00dfen, die Sie erleben, wenn Sie den Motor abstellen und durch den Wind weiterfahren? Die Segelkatamarane von Lagoon sind bekannt f\u00fcr: hohe Qualit\u00e4t, solide Konstruktion [&hellip;]\" \/>\n<meta property=\"og:url\" content=\"https:\/\/test.mennobouma.com\/nautischkwartier\/de\/\" \/>\n<meta property=\"og:site_name\" content=\"Nautisch Kwartier\" \/>\n<meta property=\"article:modified_time\" content=\"2024-11-08T16:01:39+00:00\" \/>\n<meta property=\"og:image\" content=\"https:\/\/test.mennobouma.com\/nautischkwartier\/wp-content\/uploads\/2024\/08\/logo-lagoon-2.png\" \/>\n<meta name=\"twitter:card\" content=\"summary_large_image\" \/>\n<meta name=\"twitter:label1\" content=\"Gesch\u00e4tzte Lesezeit\" \/>\n\t<meta name=\"twitter:data1\" content=\"4\u00a0Minuten\" \/>\n<script type=\"application\/ld+json\" class=\"yoast-schema-graph\">{\"@context\":\"https:\/\/schema.org\",\"@graph\":[{\"@type\":\"WebPage\",\"@id\":\"https:\/\/test.mennobouma.com\/nautischkwartier\/de\/\",\"url\":\"https:\/\/test.mennobouma.com\/nautischkwartier\/de\/\",\"name\":\"Nautisch Kwartier Stavoren - Nautisch Kwartier\",\"isPartOf\":{\"@id\":\"https:\/\/test.mennobouma.com\/nautischkwartier\/de\/#website\"},\"primaryImageOfPage\":{\"@id\":\"https:\/\/test.mennobouma.com\/nautischkwartier\/de\/#primaryimage\"},\"image\":{\"@id\":\"https:\/\/test.mennobouma.com\/nautischkwartier\/de\/#primaryimage\"},\"thumbnailUrl\":\"https:\/\/test.mennobouma.com\/nautischkwartier\/wp-content\/uploads\/2024\/08\/logo-lagoon-2.png\",\"datePublished\":\"2024-08-15T10:36:25+00:00\",\"dateModified\":\"2024-11-08T16:01:39+00:00\",\"breadcrumb\":{\"@id\":\"https:\/\/test.mennobouma.com\/nautischkwartier\/de\/#breadcrumb\"},\"inLanguage\":\"de\",\"potentialAction\":[{\"@type\":\"ReadAction\",\"target\":[\"https:\/\/test.mennobouma.com\/nautischkwartier\/de\/\"]}]},{\"@type\":\"ImageObject\",\"inLanguage\":\"de\",\"@id\":\"https:\/\/test.mennobouma.com\/nautischkwartier\/de\/#primaryimage\",\"url\":\"https:\/\/test.mennobouma.com\/nautischkwartier\/wp-content\/uploads\/2024\/08\/logo-lagoon-2.png\",\"contentUrl\":\"https:\/\/test.mennobouma.com\/nautischkwartier\/wp-content\/uploads\/2024\/08\/logo-lagoon-2.png\"},{\"@type\":\"BreadcrumbList\",\"@id\":\"https:\/\/test.mennobouma.com\/nautischkwartier\/de\/#breadcrumb\",\"itemListElement\":[{\"@type\":\"ListItem\",\"position\":1,\"name\":\"Home\",\"item\":\"https:\/\/test.mennobouma.com\/nautischkwartier\/de\/luxurioese-segel-traumjachten\/\"},{\"@type\":\"ListItem\",\"position\":2,\"name\":\"Nautisch Kwartier Stavoren\"}]},{\"@type\":\"WebSite\",\"@id\":\"https:\/\/test.mennobouma.com\/nautischkwartier\/de\/#website\",\"url\":\"https:\/\/test.mennobouma.com\/nautischkwartier\/de\/\",\"name\":\"Nautisch Kwartier\",\"description\":\"Luxury sailing dream yachts\",\"potentialAction\":[{\"@type\":\"SearchAction\",\"target\":{\"@type\":\"EntryPoint\",\"urlTemplate\":\"https:\/\/test.mennobouma.com\/nautischkwartier\/de\/?s={search_term_string}\"},\"query-input\":{\"@type\":\"PropertyValueSpecification\",\"valueRequired\":true,\"valueName\":\"search_term_string\"}}],\"inLanguage\":\"de\"}]}<\/script>\n<!-- \/ Yoast SEO plugin. -->","yoast_head_json":{"title":"Nautisch Kwartier Stavoren - Nautisch Kwartier","robots":{"index":"noindex","follow":"follow","max-snippet":"max-snippet:-1","max-image-preview":"max-image-preview:large","max-video-preview":"max-video-preview:-1"},"og_locale":"de_DE","og_type":"article","og_title":"Nautisch Kwartier Stavoren - Nautisch Kwartier","og_description":"[vc_row][vc_column width=&#8220;1\/2&#8243; css=&#8220;.vc_custom_1729089765682{padding-top: 200px !important;padding-bottom: 200px !important;background-image: url(https:\/\/test.mennobouma.com\/nautischkwartier\/wp-content\/uploads\/2024\/10\/Ontwerp-zonder-titel.jpg?id=1493) !important;background-position: center !important;background-repeat: no-repeat !important;background-size: cover !important;}&#8220;][\/vc_column][vc_column width=&#8220;1\/2&#8243; css=&#8220;.vc_custom_1723719066271{padding-top: 40px !important;padding-right: 30px !important;padding-bottom: 40px !important;padding-left: 30px !important;}&#8220;][vc_column_text css=&#8220;&#8220;] M\u00f6chten Sie die Ruhe genie\u00dfen, die Sie erleben, wenn Sie den Motor abstellen und durch den Wind weiterfahren? Die Segelkatamarane von Lagoon sind bekannt f\u00fcr: hohe Qualit\u00e4t, solide Konstruktion [&hellip;]","og_url":"https:\/\/test.mennobouma.com\/nautischkwartier\/de\/","og_site_name":"Nautisch Kwartier","article_modified_time":"2024-11-08T16:01:39+00:00","og_image":[{"url":"https:\/\/test.mennobouma.com\/nautischkwartier\/wp-content\/uploads\/2024\/08\/logo-lagoon-2.png"}],"twitter_card":"summary_large_image","twitter_misc":{"Gesch\u00e4tzte Lesezeit":"4\u00a0Minuten"},"schema":{"@context":"https:\/\/schema.org","@graph":[{"@type":"WebPage","@id":"https:\/\/test.mennobouma.com\/nautischkwartier\/de\/","url":"https:\/\/test.mennobouma.com\/nautischkwartier\/de\/","name":"Nautisch Kwartier Stavoren - Nautisch Kwartier","isPartOf":{"@id":"https:\/\/test.mennobouma.com\/nautischkwartier\/de\/#website"},"primaryImageOfPage":{"@id":"https:\/\/test.mennobouma.com\/nautischkwartier\/de\/#primaryimage"},"image":{"@id":"https:\/\/test.mennobouma.com\/nautischkwartier\/de\/#primaryimage"},"thumbnailUrl":"https:\/\/test.mennobouma.com\/nautischkwartier\/wp-content\/uploads\/2024\/08\/logo-lagoon-2.png","datePublished":"2024-08-15T10:36:25+00:00","dateModified":"2024-11-08T16:01:39+00:00","breadcrumb":{"@id":"https:\/\/test.mennobouma.com\/nautischkwartier\/de\/#breadcrumb"},"inLanguage":"de","potentialAction":[{"@type":"ReadAction","target":["https:\/\/test.mennobouma.com\/nautischkwartier\/de\/"]}]},{"@type":"ImageObject","inLanguage":"de","@id":"https:\/\/test.mennobouma.com\/nautischkwartier\/de\/#primaryimage","url":"https:\/\/test.mennobouma.com\/nautischkwartier\/wp-content\/uploads\/2024\/08\/logo-lagoon-2.png","contentUrl":"https:\/\/test.mennobouma.com\/nautischkwartier\/wp-content\/uploads\/2024\/08\/logo-lagoon-2.png"},{"@type":"BreadcrumbList","@id":"https:\/\/test.mennobouma.com\/nautischkwartier\/de\/#breadcrumb","itemListElement":[{"@type":"ListItem","position":1,"name":"Home","item":"https:\/\/test.mennobouma.com\/nautischkwartier\/de\/luxurioese-segel-traumjachten\/"},{"@type":"ListItem","position":2,"name":"Nautisch Kwartier Stavoren"}]},{"@type":"WebSite","@id":"https:\/\/test.mennobouma.com\/nautischkwartier\/de\/#website","url":"https:\/\/test.mennobouma.com\/nautischkwartier\/de\/","name":"Nautisch Kwartier","description":"Luxury sailing dream yachts","potentialAction":[{"@type":"SearchAction","target":{"@type":"EntryPoint","urlTemplate":"https:\/\/test.mennobouma.com\/nautischkwartier\/de\/?s={search_term_string}"},"query-input":{"@type":"PropertyValueSpecification","valueRequired":true,"valueName":"search_term_string"}}],"inLanguage":"de"}]}},"_links":{"self":[{"href":"https:\/\/test.mennobouma.com\/nautischkwartier\/de\/wp-json\/wp\/v2\/pages\/675","targetHints":{"allow":["GET"]}}],"collection":[{"href":"https:\/\/test.mennobouma.com\/nautischkwartier\/de\/wp-json\/wp\/v2\/pages"}],"about":[{"href":"https:\/\/test.mennobouma.com\/nautischkwartier\/de\/wp-json\/wp\/v2\/types\/page"}],"author":[{"embeddable":true,"href":"https:\/\/test.mennobouma.com\/nautischkwartier\/de\/wp-json\/wp\/v2\/users\/1"}],"replies":[{"embeddable":true,"href":"https:\/\/test.mennobouma.com\/nautischkwartier\/de\/wp-json\/wp\/v2\/comments?post=675"}],"version-history":[{"count":8,"href":"https:\/\/test.mennobouma.com\/nautischkwartier\/de\/wp-json\/wp\/v2\/pages\/675\/revisions"}],"predecessor-version":[{"id":1769,"href":"https:\/\/test.mennobouma.com\/nautischkwartier\/de\/wp-json\/wp\/v2\/pages\/675\/revisions\/1769"}],"wp:attachment":[{"href":"https:\/\/test.mennobouma.com\/nautischkwartier\/de\/wp-json\/wp\/v2\/media?parent=675"}],"curies":[{"name":"wp","href":"https:\/\/api.w.org\/{rel}","templated":true}]}}