{"id":1313,"date":"2024-10-09T13:48:52","date_gmt":"2024-10-09T11:48:52","guid":{"rendered":"https:\/\/test.mennobouma.com\/nautischkwartier\/jeanneau-sailing-yachts\/sonnen-odyssee\/"},"modified":"2024-11-18T11:41:38","modified_gmt":"2024-11-18T10:41:38","slug":"sonnen-odyssee","status":"publish","type":"page","link":"https:\/\/test.mennobouma.com\/nautischkwartier\/de\/jeanneau-sailing-yachts\/sonnen-odyssee\/","title":{"rendered":"Sun Odyssey"},"content":{"rendered":"<div class=\"wpb-content-wrapper\"><p>[vc_row][vc_column][vc_column_text css=&#8220;&#8220;]<\/p>\n<p>&nbsp;<\/p>\n<p>[\/vc_column_text][\/vc_column][\/vc_row][vc_row][vc_column][vc_column_text css=&#8220;&#8220;]<\/p>\n<h3>Die Jeanneau Sun Odyssey-Reihe ist komfortabel und leistungsstark f\u00fcr Momente puren Vergn\u00fcgens! Mit au\u00dfergew\u00f6hnlichem Komfort an Bord, zeitlosem Design, m\u00fcheloser Leistung und Sicherheit auf See ist die Sun Odyssey-Reihe ideal f\u00fcr Kreuzfahrten mit der ganzen Familie. <\/h3>\n<p>[\/vc_column_text][\/vc_column][\/vc_row][vc_row][vc_column][vc_column_text css=&#8220;&#8220;]<\/p>\n<p>&nbsp;<\/p>\n<p>[\/vc_column_text][\/vc_column][\/vc_row][vc_row full_width=&#8220;stretch_row&#8220; css=&#8220;.vc_custom_1728897284961{background-color: #dd3333 !important;}&#8220;][vc_column width=&#8220;1\/3&#8243;][\/vc_column][vc_column width=&#8220;1\/3&#8243;][vc_column_text css=&#8220;&#8220;]<\/p>\n<h3 style=\"text-align: center;\"><span style=\"color: #ffffff;\">Wichtige Punkte<\/span><\/h3>\n<p>[\/vc_column_text][vc_column_text css=&#8220;&#8220;]<\/p>\n<p style=\"text-align: center;\"><span style=\"color: #ffffff;\">1. Elegant und seet\u00fcchtig<\/span><\/p>\n<p style=\"text-align: center;\"><span style=\"color: #ffffff;\">2. Funktionales Design und zeitloser Stil<\/span><\/p>\n<p style=\"text-align: center;\"><span style=\"color: #ffffff;\">3. Allianz aus Hochtechnologie und Handwerkskunst<\/span><\/p>\n<p>[\/vc_column_text][\/vc_column][vc_column width=&#8220;1\/3&#8243;][\/vc_column][\/vc_row][vc_row full_width=&#8220;stretch_row&#8220;][vc_column width=&#8220;1\/5&#8243;][vc_single_image image=&#8220;1257&#8243; img_size=&#8220;medium&#8220; onclick=&#8220;custom_link&#8220; css=&#8220;&#8220; link=&#8220;https:\/\/test.mennobouma.com\/nautischkwartier\/de\/ship\/jeanneau-sun-odyssey-350-i-new-in-2024\/&#8220;][vc_column_text css=&#8220;&#8220;]<\/p>\n<h2><a href=\"https:\/\/test.mennobouma.com\/nautischkwartier\/de\/ship\/jeanneau-sun-odyssey-350-i-new-in-2024\/\">Sun Odyssey 350<\/a><\/h2>\n<p><span style=\"color: #d13427;\"><strong>Ein weiterer Schritt vorw\u00e4rts f\u00fcr das Vergn\u00fcgen am Segeln<\/strong><\/span><\/p>\n<p>ABMESSUNGEN:<br \/>\n10,40x 3,59 x 1,98 M<\/p>\n<p><strong>PREIS AUF ANFRAGE<\/strong>[\/vc_column_text][\/vc_column][vc_column width=&#8220;1\/5&#8243;][vc_single_image image=&#8220;1348&#8243; img_size=&#8220;medium&#8220; onclick=&#8220;custom_link&#8220; css=&#8220;&#8220; link=&#8220;https:\/\/test.mennobouma.com\/nautischkwartier\/de\/ship\/jeanneau-sun-odyssey-380\/&#8220;][vc_column_text css=&#8220;&#8220;]<\/p>\n<h2><a href=\"https:\/\/test.mennobouma.com\/nautischkwartier\/de\/ship\/jeanneau-sun-odyssey-380\/\">Sun Odyssey 380<\/a><\/h2>\n<p><span style=\"color: #d13427;\"><strong>Reiseleistung und Komfort: Ein konzentrierter Einfallsreichtum<\/strong><\/span><\/p>\n<p>ABMESSUNGEN:<br \/>\n11,22 x 3,76 x 2,00 M<\/p>\n<p><strong>PREIS AUF ANFRAGE<\/strong>[\/vc_column_text][\/vc_column][vc_column width=&#8220;1\/5&#8243;][vc_single_image image=&#8220;1351&#8243; img_size=&#8220;medium&#8220; onclick=&#8220;custom_link&#8220; css=&#8220;&#8220; link=&#8220;https:\/\/test.mennobouma.com\/nautischkwartier\/de\/ship\/jeanneau-sun-odyssey-410\/&#8220;][vc_column_text css=&#8220;&#8220;]<\/p>\n<h2><a href=\"https:\/\/test.mennobouma.com\/nautischkwartier\/de\/ship\/jeanneau-sun-odyssey-410\/\">Sun Odyssey 410<\/a><\/h2>\n<p><span style=\"color: #d13427;\"><strong>Das Vergn\u00fcgen des Cruisens mit zus\u00e4tzlichem Komfort<\/strong><\/span><\/p>\n<p>ABMESSUNGEN:<br \/>\n12,35 x 3,99 x 1,60 M<\/p>\n<p><strong>PREIS AUF ANFRAGE<\/strong>[\/vc_column_text][\/vc_column][vc_column width=&#8220;1\/5&#8243;][vc_single_image image=&#8220;1357&#8243; img_size=&#8220;medium&#8220; onclick=&#8220;custom_link&#8220; css=&#8220;&#8220; link=&#8220;https:\/\/test.mennobouma.com\/nautischkwartier\/de\/ship\/jeanneau-sun-odyssey-440\/&#8220;][vc_column_text css=&#8220;&#8220;]<\/p>\n<h2><a href=\"https:\/\/test.mennobouma.com\/nautischkwartier\/de\/ship\/jeanneau-sun-odyssey-440\/\">Sun Odyssey 440<\/a><\/h2>\n<p><span style=\"color: #d13427;\"><strong>Das Segelboot f\u00fcr jeden Geschmack<\/strong><\/span><\/p>\n<p>ABMESSUNGEN:<br \/>\n13,00 x 4,29 x 2,20 M<\/p>\n<p><strong>PREIS AUF ANFRAGE<\/strong>[\/vc_column_text][\/vc_column][vc_column width=&#8220;1\/5&#8243;][vc_single_image image=&#8220;1354&#8243; img_size=&#8220;medium&#8220; onclick=&#8220;custom_link&#8220; css=&#8220;&#8220; link=&#8220;https:\/\/test.mennobouma.com\/nautischkwartier\/de\/ship\/jeanneau-sun-odyssey-490\/&#8220;][vc_column_text css=&#8220;&#8220;]<\/p>\n<h2><a href=\"https:\/\/test.mennobouma.com\/nautischkwartier\/de\/ship\/jeanneau-sun-odyssey-490\/\">Sun Odyssey 490<\/a><\/h2>\n<p><strong><span style=\"color: #d13427;\">Belebende Freiheit<\/span><\/strong><\/p>\n<p>ABMESSUNGEN:<br \/>\n14,80 x 4,49 x 1,65 M<\/p>\n<p><strong>PREIS AUF ANFRAGE<\/strong>[\/vc_column_text][\/vc_column][\/vc_row][vc_row full_width=&#8220;stretch_row_content_no_spaces&#8220;][vc_column][vc_single_image image=&#8220;1389&#8243; img_size=&#8220;full&#8220; alignment=&#8220;center&#8220; css=&#8220;&#8220;][\/vc_column][\/vc_row]<\/p>\n<\/div>","protected":false},"excerpt":{"rendered":"<p>[vc_row][vc_column][vc_column_text css=&#8220;&#8220;] &nbsp; [\/vc_column_text][\/vc_column][\/vc_row][vc_row][vc_column][vc_column_text css=&#8220;&#8220;] Die Jeanneau Sun Odyssey-Reihe ist komfortabel und leistungsstark f\u00fcr Momente puren Vergn\u00fcgens! Mit au\u00dfergew\u00f6hnlichem Komfort an Bord, zeitlosem Design, m\u00fcheloser Leistung und Sicherheit auf See ist die Sun Odyssey-Reihe ideal f\u00fcr Kreuzfahrten mit der ganzen Familie. [\/vc_column_text][\/vc_column][\/vc_row][vc_row][vc_column][vc_column_text css=&#8220;&#8220;] &nbsp; [\/vc_column_text][\/vc_column][\/vc_row][vc_row full_width=&#8220;stretch_row&#8220; css=&#8220;.vc_custom_1728897284961{background-color: #dd3333 !important;}&#8220;][vc_column width=&#8220;1\/3&#8243;][\/vc_column][vc_column width=&#8220;1\/3&#8243;][vc_column_text css=&#8220;&#8220;] Wichtige Punkte [\/vc_column_text][vc_column_text [&hellip;]<\/p>\n","protected":false},"author":1,"featured_media":0,"parent":790,"menu_order":0,"comment_status":"closed","ping_status":"closed","template":"","meta":{"_acf_changed":false,"footnotes":""},"class_list":["post-1313","page","type-page","status-publish","hentry"],"acf":[],"price":null,"relation_code":null,"yoast_head":"<!-- This site is optimized with the Yoast SEO plugin v23.8 - https:\/\/yoast.com\/wordpress\/plugins\/seo\/ -->\n<title>Jeanneau Sun Odyssey \u2013 Nautisch Kwartier Stavoren<\/title>\n<meta name=\"description\" content=\"Eine neue Vision des Lebens an Bord: Entdecken Sie die Jeanneau Sun Odyssey-Reihe. Nautisch Kwartier Stavoren ist stolzer Jeanneau-H\u00e4ndler f\u00fcr Segelyachten.\" \/>\n<meta name=\"robots\" content=\"noindex, follow, max-snippet:-1, max-image-preview:large, max-video-preview:-1\" \/>\n<meta property=\"og:locale\" content=\"de_DE\" \/>\n<meta property=\"og:type\" content=\"article\" \/>\n<meta property=\"og:title\" content=\"Jeanneau Sun Odyssey \u2013 Nautisch Kwartier Stavoren\" \/>\n<meta property=\"og:description\" content=\"Eine neue Vision des Lebens an Bord: Entdecken Sie die Jeanneau Sun Odyssey-Reihe. Nautisch Kwartier Stavoren ist stolzer Jeanneau-H\u00e4ndler f\u00fcr Segelyachten.\" \/>\n<meta property=\"og:url\" content=\"https:\/\/test.mennobouma.com\/nautischkwartier\/de\/jeanneau-sailing-yachts\/sonnen-odyssee\/\" \/>\n<meta property=\"og:site_name\" content=\"Nautisch Kwartier\" \/>\n<meta property=\"article:modified_time\" content=\"2024-11-18T10:41:38+00:00\" \/>\n<meta name=\"twitter:card\" content=\"summary_large_image\" \/>\n<meta name=\"twitter:label1\" content=\"Gesch\u00e4tzte Lesezeit\" \/>\n\t<meta name=\"twitter:data1\" content=\"2\u00a0Minuten\" \/>\n<script type=\"application\/ld+json\" class=\"yoast-schema-graph\">{\"@context\":\"https:\/\/schema.org\",\"@graph\":[{\"@type\":\"WebPage\",\"@id\":\"https:\/\/test.mennobouma.com\/nautischkwartier\/de\/jeanneau-sailing-yachts\/sonnen-odyssee\/\",\"url\":\"https:\/\/test.mennobouma.com\/nautischkwartier\/de\/jeanneau-sailing-yachts\/sonnen-odyssee\/\",\"name\":\"Jeanneau Sun Odyssey \u2013 Nautisch Kwartier Stavoren\",\"isPartOf\":{\"@id\":\"https:\/\/test.mennobouma.com\/nautischkwartier\/de\/#website\"},\"datePublished\":\"2024-10-09T11:48:52+00:00\",\"dateModified\":\"2024-11-18T10:41:38+00:00\",\"description\":\"Eine neue Vision des Lebens an Bord: Entdecken Sie die Jeanneau Sun Odyssey-Reihe. Nautisch Kwartier Stavoren ist stolzer Jeanneau-H\u00e4ndler f\u00fcr Segelyachten.\",\"breadcrumb\":{\"@id\":\"https:\/\/test.mennobouma.com\/nautischkwartier\/de\/jeanneau-sailing-yachts\/sonnen-odyssee\/#breadcrumb\"},\"inLanguage\":\"de\",\"potentialAction\":[{\"@type\":\"ReadAction\",\"target\":[\"https:\/\/test.mennobouma.com\/nautischkwartier\/de\/jeanneau-sailing-yachts\/sonnen-odyssee\/\"]}]},{\"@type\":\"BreadcrumbList\",\"@id\":\"https:\/\/test.mennobouma.com\/nautischkwartier\/de\/jeanneau-sailing-yachts\/sonnen-odyssee\/#breadcrumb\",\"itemListElement\":[{\"@type\":\"ListItem\",\"position\":1,\"name\":\"Home\",\"item\":\"https:\/\/test.mennobouma.com\/nautischkwartier\/de\/luxurioese-segel-traumjachten\/\"},{\"@type\":\"ListItem\",\"position\":2,\"name\":\"Jeanneau Segelyachten\",\"item\":\"https:\/\/test.mennobouma.com\/nautischkwartier\/de\/jeanneau-sailing-yachts\/\"},{\"@type\":\"ListItem\",\"position\":3,\"name\":\"Sun Odyssey\"}]},{\"@type\":\"WebSite\",\"@id\":\"https:\/\/test.mennobouma.com\/nautischkwartier\/de\/#website\",\"url\":\"https:\/\/test.mennobouma.com\/nautischkwartier\/de\/\",\"name\":\"Nautisch Kwartier\",\"description\":\"Luxury sailing dream yachts\",\"potentialAction\":[{\"@type\":\"SearchAction\",\"target\":{\"@type\":\"EntryPoint\",\"urlTemplate\":\"https:\/\/test.mennobouma.com\/nautischkwartier\/de\/?s={search_term_string}\"},\"query-input\":{\"@type\":\"PropertyValueSpecification\",\"valueRequired\":true,\"valueName\":\"search_term_string\"}}],\"inLanguage\":\"de\"}]}<\/script>\n<!-- \/ Yoast SEO plugin. -->","yoast_head_json":{"title":"Jeanneau Sun Odyssey \u2013 Nautisch Kwartier Stavoren","description":"Eine neue Vision des Lebens an Bord: Entdecken Sie die Jeanneau Sun Odyssey-Reihe. Nautisch Kwartier Stavoren ist stolzer Jeanneau-H\u00e4ndler f\u00fcr Segelyachten.","robots":{"index":"noindex","follow":"follow","max-snippet":"max-snippet:-1","max-image-preview":"max-image-preview:large","max-video-preview":"max-video-preview:-1"},"og_locale":"de_DE","og_type":"article","og_title":"Jeanneau Sun Odyssey \u2013 Nautisch Kwartier Stavoren","og_description":"Eine neue Vision des Lebens an Bord: Entdecken Sie die Jeanneau Sun Odyssey-Reihe. Nautisch Kwartier Stavoren ist stolzer Jeanneau-H\u00e4ndler f\u00fcr Segelyachten.","og_url":"https:\/\/test.mennobouma.com\/nautischkwartier\/de\/jeanneau-sailing-yachts\/sonnen-odyssee\/","og_site_name":"Nautisch Kwartier","article_modified_time":"2024-11-18T10:41:38+00:00","twitter_card":"summary_large_image","twitter_misc":{"Gesch\u00e4tzte Lesezeit":"2\u00a0Minuten"},"schema":{"@context":"https:\/\/schema.org","@graph":[{"@type":"WebPage","@id":"https:\/\/test.mennobouma.com\/nautischkwartier\/de\/jeanneau-sailing-yachts\/sonnen-odyssee\/","url":"https:\/\/test.mennobouma.com\/nautischkwartier\/de\/jeanneau-sailing-yachts\/sonnen-odyssee\/","name":"Jeanneau Sun Odyssey \u2013 Nautisch Kwartier Stavoren","isPartOf":{"@id":"https:\/\/test.mennobouma.com\/nautischkwartier\/de\/#website"},"datePublished":"2024-10-09T11:48:52+00:00","dateModified":"2024-11-18T10:41:38+00:00","description":"Eine neue Vision des Lebens an Bord: Entdecken Sie die Jeanneau Sun Odyssey-Reihe. Nautisch Kwartier Stavoren ist stolzer Jeanneau-H\u00e4ndler f\u00fcr Segelyachten.","breadcrumb":{"@id":"https:\/\/test.mennobouma.com\/nautischkwartier\/de\/jeanneau-sailing-yachts\/sonnen-odyssee\/#breadcrumb"},"inLanguage":"de","potentialAction":[{"@type":"ReadAction","target":["https:\/\/test.mennobouma.com\/nautischkwartier\/de\/jeanneau-sailing-yachts\/sonnen-odyssee\/"]}]},{"@type":"BreadcrumbList","@id":"https:\/\/test.mennobouma.com\/nautischkwartier\/de\/jeanneau-sailing-yachts\/sonnen-odyssee\/#breadcrumb","itemListElement":[{"@type":"ListItem","position":1,"name":"Home","item":"https:\/\/test.mennobouma.com\/nautischkwartier\/de\/luxurioese-segel-traumjachten\/"},{"@type":"ListItem","position":2,"name":"Jeanneau Segelyachten","item":"https:\/\/test.mennobouma.com\/nautischkwartier\/de\/jeanneau-sailing-yachts\/"},{"@type":"ListItem","position":3,"name":"Sun Odyssey"}]},{"@type":"WebSite","@id":"https:\/\/test.mennobouma.com\/nautischkwartier\/de\/#website","url":"https:\/\/test.mennobouma.com\/nautischkwartier\/de\/","name":"Nautisch Kwartier","description":"Luxury sailing dream yachts","potentialAction":[{"@type":"SearchAction","target":{"@type":"EntryPoint","urlTemplate":"https:\/\/test.mennobouma.com\/nautischkwartier\/de\/?s={search_term_string}"},"query-input":{"@type":"PropertyValueSpecification","valueRequired":true,"valueName":"search_term_string"}}],"inLanguage":"de"}]}},"_links":{"self":[{"href":"https:\/\/test.mennobouma.com\/nautischkwartier\/de\/wp-json\/wp\/v2\/pages\/1313","targetHints":{"allow":["GET"]}}],"collection":[{"href":"https:\/\/test.mennobouma.com\/nautischkwartier\/de\/wp-json\/wp\/v2\/pages"}],"about":[{"href":"https:\/\/test.mennobouma.com\/nautischkwartier\/de\/wp-json\/wp\/v2\/types\/page"}],"author":[{"embeddable":true,"href":"https:\/\/test.mennobouma.com\/nautischkwartier\/de\/wp-json\/wp\/v2\/users\/1"}],"replies":[{"embeddable":true,"href":"https:\/\/test.mennobouma.com\/nautischkwartier\/de\/wp-json\/wp\/v2\/comments?post=1313"}],"version-history":[{"count":12,"href":"https:\/\/test.mennobouma.com\/nautischkwartier\/de\/wp-json\/wp\/v2\/pages\/1313\/revisions"}],"predecessor-version":[{"id":1956,"href":"https:\/\/test.mennobouma.com\/nautischkwartier\/de\/wp-json\/wp\/v2\/pages\/1313\/revisions\/1956"}],"up":[{"embeddable":true,"href":"https:\/\/test.mennobouma.com\/nautischkwartier\/de\/wp-json\/wp\/v2\/pages\/790"}],"wp:attachment":[{"href":"https:\/\/test.mennobouma.com\/nautischkwartier\/de\/wp-json\/wp\/v2\/media?parent=1313"}],"curies":[{"name":"wp","href":"https:\/\/api.w.org\/{rel}","templated":true}]}}