{"id":1269,"date":"2024-10-09T16:03:19","date_gmt":"2024-10-09T14:03:19","guid":{"rendered":"https:\/\/test.mennobouma.com\/nautischkwartier\/lagoon-catamarans\/motorkatamarane\/"},"modified":"2024-11-08T17:02:09","modified_gmt":"2024-11-08T16:02:09","slug":"motorkatamarane","status":"publish","type":"page","link":"https:\/\/test.mennobouma.com\/nautischkwartier\/de\/lagoon-catamarans\/motorkatamarane\/","title":{"rendered":"Motor-Katamarane"},"content":{"rendered":"<div class=\"wpb-content-wrapper\"><p>[vc_row][vc_column][vc_column_text css=&#8220;&#8220;]<\/p>\n<p>&nbsp;<\/p>\n<p>[\/vc_column_text][\/vc_column][\/vc_row][vc_row][vc_column][vc_column_text css=&#8220;&#8220;]<\/p>\n<h2 class=\"uppercase text-grey-40 mt-2.5\"><span style=\"color: #00a6b2;\">ENTDECKEN SIE DIE WELT MIT DER MOTORYACHT<\/span><\/h2>\n<div class=\"mt-2 horizontal-text-media__desc body-1 text-grey-50 lg:mt-4\">\n<p><span style=\"color: #00a6b2;\">Diese f\u00fcr Offshore-Kreuzfahrten konzipierten Katamarane sind wahre Juwelen der Meere und Referenzen in ihrer Kategorie. Diese Lagoon-Motoryachten entf\u00fchren Sie in eine Welt der Freiheit, Eleganz und des Komforts. Stellen Sie sich den Katamaran Ihrer Tr\u00e4ume vor, der durch unsere Personalisierungsdienste m\u00f6glich wird.  <\/span><\/p>\n<\/div>\n<p>[\/vc_column_text][\/vc_column][\/vc_row][vc_row][vc_column][vc_column_text css=&#8220;&#8220;]<\/p>\n<p>&nbsp;<\/p>\n<p>[\/vc_column_text][\/vc_column][\/vc_row][vc_row full_width=&#8220;stretch_row&#8220; css=&#8220;.vc_custom_1730717291187{background-color: #00a6b2 !important;}&#8220;][vc_column width=&#8220;1\/3&#8243;][\/vc_column][vc_column width=&#8220;1\/3&#8243;][vc_column_text css=&#8220;&#8220;]<\/p>\n<h3 style=\"text-align: center;\"><span style=\"color: #ffffff;\">Von 67 oder<\/span> <span style=\"color: #ffffff; font-size: 16px;\">78 Fu\u00df<\/span><\/h3>\n<p>[\/vc_column_text][\/vc_column][vc_column width=&#8220;1\/3&#8243;][\/vc_column][\/vc_row][vc_row full_width=&#8220;stretch_row&#8220;][vc_column width=&#8220;1\/4&#8243;][\/vc_column][vc_column width=&#8220;1\/4&#8243;][vc_single_image image=&#8220;1666&#8243; img_size=&#8220;medium&#8220; onclick=&#8220;custom_link&#8220; css=&#8220;&#8220; link=&#8220;https:\/\/test.mennobouma.com\/nautischkwartier\/de\/ship\/lagoon-sixty7\/&#8220;][vc_column_text css=&#8220;&#8220;]<\/p>\n<h2><a href=\"https:\/\/test.mennobouma.com\/nautischkwartier\/de\/ship\/lagoon-sixty7\/\">Lagoon SIXTY 7<\/a><\/h2>\n<div class=\"relative h-screen overflow-hidden hero-product\">\n<div class=\"absolute left-0 px-6 text-white hero-product__text bottom-10 md:px-0 md:bottom-20 md:left-20 lg:left-30 lg:translate-x-0\">\n<p class=\"mt-4 text-white uppercase h1\"><span style=\"color: #00a6b2;\"><strong>EIN KATAMARAN F\u00dcR IHRE SCH\u00d6NSTEN KREUZFAHRTEN<\/strong><\/span><\/p>\n<\/div>\n<\/div>\n<p>ABMESSUNGEN:<br \/>\n 20,15 x 10,00 x 1,50 M<\/p>\n<p><strong>PREIS AUF ANFRAGE<\/strong>[\/vc_column_text][\/vc_column][vc_column width=&#8220;1\/4&#8243;][vc_single_image image=&#8220;1669&#8243; img_size=&#8220;medium&#8220; onclick=&#8220;custom_link&#8220; css=&#8220;&#8220; link=&#8220;https:\/\/test.mennobouma.com\/nautischkwartier\/de\/ship\/lagoon-seventy8\/&#8220;][vc_column_text css=&#8220;&#8220;]<\/p>\n<h2><a href=\"https:\/\/test.mennobouma.com\/nautischkwartier\/de\/ship\/lagoon-seventy8\/\">Lagune SEVENTY8<\/a><\/h2>\n<div class=\"relative h-screen overflow-hidden hero-product\">\n<div class=\"absolute left-0 px-6 text-white hero-product__text bottom-10 md:px-0 md:bottom-20 md:left-20 lg:left-30 lg:translate-x-0\">\n<p class=\"mt-4 text-white uppercase h1\"><span style=\"color: #00a6b2;\"><strong>ZEIT F\u00dcR EIN GUTES LEBEN<\/strong><\/span><\/p>\n<\/div>\n<\/div>\n<div class=\"bg-grey-91\">\n<div class=\"grid-container\">\n<div class=\"grid-row\">\n<div class=\"grid-col w-full\">ABMESSUNGEN:<\/div>\n<\/div>\n<\/div>\n<\/div>\n<p>23,80 x 11,00 x 1,27 M<\/p>\n<p><strong>PREIS AUF ANFRAGE<\/strong>[\/vc_column_text][\/vc_column][vc_column width=&#8220;1\/4&#8243;][\/vc_column][\/vc_row][vc_row full_width=&#8220;stretch_row_content_no_spaces&#8220;][vc_column][vc_single_image image=&#8220;1692&#8243; img_size=&#8220;full&#8220; alignment=&#8220;center&#8220; css=&#8220;&#8220;][\/vc_column][\/vc_row]<\/p>\n<\/div>","protected":false},"excerpt":{"rendered":"<p>[vc_row][vc_column][vc_column_text css=&#8220;&#8220;] &nbsp; [\/vc_column_text][\/vc_column][\/vc_row][vc_row][vc_column][vc_column_text css=&#8220;&#8220;] ENTDECKEN SIE DIE WELT MIT DER MOTORYACHT Diese f\u00fcr Offshore-Kreuzfahrten konzipierten Katamarane sind wahre Juwelen der Meere und Referenzen in ihrer Kategorie. Diese Lagoon-Motoryachten entf\u00fchren Sie in eine Welt der Freiheit, Eleganz und des Komforts. Stellen Sie sich den Katamaran Ihrer Tr\u00e4ume vor, der durch unsere Personalisierungsdienste m\u00f6glich wird. [\/vc_column_text][\/vc_column][\/vc_row][vc_row][vc_column][vc_column_text [&hellip;]<\/p>\n","protected":false},"author":1,"featured_media":0,"parent":792,"menu_order":0,"comment_status":"closed","ping_status":"closed","template":"","meta":{"_acf_changed":false,"footnotes":""},"class_list":["post-1269","page","type-page","status-publish","hentry"],"acf":[],"price":null,"relation_code":null,"yoast_head":"<!-- This site is optimized with the Yoast SEO plugin v23.8 - https:\/\/yoast.com\/wordpress\/plugins\/seo\/ -->\n<title>Motor-Katamarane - Nautisch Kwartier<\/title>\n<meta name=\"robots\" content=\"noindex, follow, max-snippet:-1, max-image-preview:large, max-video-preview:-1\" \/>\n<meta property=\"og:locale\" content=\"de_DE\" \/>\n<meta property=\"og:type\" content=\"article\" \/>\n<meta property=\"og:title\" content=\"Motor-Katamarane - Nautisch Kwartier\" \/>\n<meta property=\"og:description\" content=\"[vc_row][vc_column][vc_column_text css=&#8220;&#8220;] &nbsp; [\/vc_column_text][\/vc_column][\/vc_row][vc_row][vc_column][vc_column_text css=&#8220;&#8220;] ENTDECKEN SIE DIE WELT MIT DER MOTORYACHT Diese f\u00fcr Offshore-Kreuzfahrten konzipierten Katamarane sind wahre Juwelen der Meere und Referenzen in ihrer Kategorie. Diese Lagoon-Motoryachten entf\u00fchren Sie in eine Welt der Freiheit, Eleganz und des Komforts. Stellen Sie sich den Katamaran Ihrer Tr\u00e4ume vor, der durch unsere Personalisierungsdienste m\u00f6glich wird. [\/vc_column_text][\/vc_column][\/vc_row][vc_row][vc_column][vc_column_text [&hellip;]\" \/>\n<meta property=\"og:url\" content=\"https:\/\/test.mennobouma.com\/nautischkwartier\/de\/lagoon-catamarans\/motorkatamarane\/\" \/>\n<meta property=\"og:site_name\" content=\"Nautisch Kwartier\" \/>\n<meta property=\"article:modified_time\" content=\"2024-11-08T16:02:09+00:00\" \/>\n<meta name=\"twitter:card\" content=\"summary_large_image\" \/>\n<meta name=\"twitter:label1\" content=\"Gesch\u00e4tzte Lesezeit\" \/>\n\t<meta name=\"twitter:data1\" content=\"1\u00a0Minute\" \/>\n<script type=\"application\/ld+json\" class=\"yoast-schema-graph\">{\"@context\":\"https:\/\/schema.org\",\"@graph\":[{\"@type\":\"WebPage\",\"@id\":\"https:\/\/test.mennobouma.com\/nautischkwartier\/de\/lagoon-catamarans\/motorkatamarane\/\",\"url\":\"https:\/\/test.mennobouma.com\/nautischkwartier\/de\/lagoon-catamarans\/motorkatamarane\/\",\"name\":\"Motor-Katamarane - Nautisch Kwartier\",\"isPartOf\":{\"@id\":\"https:\/\/test.mennobouma.com\/nautischkwartier\/de\/#website\"},\"datePublished\":\"2024-10-09T14:03:19+00:00\",\"dateModified\":\"2024-11-08T16:02:09+00:00\",\"breadcrumb\":{\"@id\":\"https:\/\/test.mennobouma.com\/nautischkwartier\/de\/lagoon-catamarans\/motorkatamarane\/#breadcrumb\"},\"inLanguage\":\"de\",\"potentialAction\":[{\"@type\":\"ReadAction\",\"target\":[\"https:\/\/test.mennobouma.com\/nautischkwartier\/de\/lagoon-catamarans\/motorkatamarane\/\"]}]},{\"@type\":\"BreadcrumbList\",\"@id\":\"https:\/\/test.mennobouma.com\/nautischkwartier\/de\/lagoon-catamarans\/motorkatamarane\/#breadcrumb\",\"itemListElement\":[{\"@type\":\"ListItem\",\"position\":1,\"name\":\"Home\",\"item\":\"https:\/\/test.mennobouma.com\/nautischkwartier\/de\/luxurioese-segel-traumjachten\/\"},{\"@type\":\"ListItem\",\"position\":2,\"name\":\"Lagoon-Katamarane\",\"item\":\"https:\/\/test.mennobouma.com\/nautischkwartier\/de\/lagoon-catamarans\/\"},{\"@type\":\"ListItem\",\"position\":3,\"name\":\"Motor-Katamarane\"}]},{\"@type\":\"WebSite\",\"@id\":\"https:\/\/test.mennobouma.com\/nautischkwartier\/de\/#website\",\"url\":\"https:\/\/test.mennobouma.com\/nautischkwartier\/de\/\",\"name\":\"Nautisch Kwartier\",\"description\":\"Luxury sailing dream yachts\",\"potentialAction\":[{\"@type\":\"SearchAction\",\"target\":{\"@type\":\"EntryPoint\",\"urlTemplate\":\"https:\/\/test.mennobouma.com\/nautischkwartier\/de\/?s={search_term_string}\"},\"query-input\":{\"@type\":\"PropertyValueSpecification\",\"valueRequired\":true,\"valueName\":\"search_term_string\"}}],\"inLanguage\":\"de\"}]}<\/script>\n<!-- \/ Yoast SEO plugin. -->","yoast_head_json":{"title":"Motor-Katamarane - Nautisch Kwartier","robots":{"index":"noindex","follow":"follow","max-snippet":"max-snippet:-1","max-image-preview":"max-image-preview:large","max-video-preview":"max-video-preview:-1"},"og_locale":"de_DE","og_type":"article","og_title":"Motor-Katamarane - Nautisch Kwartier","og_description":"[vc_row][vc_column][vc_column_text css=&#8220;&#8220;] &nbsp; [\/vc_column_text][\/vc_column][\/vc_row][vc_row][vc_column][vc_column_text css=&#8220;&#8220;] ENTDECKEN SIE DIE WELT MIT DER MOTORYACHT Diese f\u00fcr Offshore-Kreuzfahrten konzipierten Katamarane sind wahre Juwelen der Meere und Referenzen in ihrer Kategorie. Diese Lagoon-Motoryachten entf\u00fchren Sie in eine Welt der Freiheit, Eleganz und des Komforts. Stellen Sie sich den Katamaran Ihrer Tr\u00e4ume vor, der durch unsere Personalisierungsdienste m\u00f6glich wird. [\/vc_column_text][\/vc_column][\/vc_row][vc_row][vc_column][vc_column_text [&hellip;]","og_url":"https:\/\/test.mennobouma.com\/nautischkwartier\/de\/lagoon-catamarans\/motorkatamarane\/","og_site_name":"Nautisch Kwartier","article_modified_time":"2024-11-08T16:02:09+00:00","twitter_card":"summary_large_image","twitter_misc":{"Gesch\u00e4tzte Lesezeit":"1\u00a0Minute"},"schema":{"@context":"https:\/\/schema.org","@graph":[{"@type":"WebPage","@id":"https:\/\/test.mennobouma.com\/nautischkwartier\/de\/lagoon-catamarans\/motorkatamarane\/","url":"https:\/\/test.mennobouma.com\/nautischkwartier\/de\/lagoon-catamarans\/motorkatamarane\/","name":"Motor-Katamarane - Nautisch Kwartier","isPartOf":{"@id":"https:\/\/test.mennobouma.com\/nautischkwartier\/de\/#website"},"datePublished":"2024-10-09T14:03:19+00:00","dateModified":"2024-11-08T16:02:09+00:00","breadcrumb":{"@id":"https:\/\/test.mennobouma.com\/nautischkwartier\/de\/lagoon-catamarans\/motorkatamarane\/#breadcrumb"},"inLanguage":"de","potentialAction":[{"@type":"ReadAction","target":["https:\/\/test.mennobouma.com\/nautischkwartier\/de\/lagoon-catamarans\/motorkatamarane\/"]}]},{"@type":"BreadcrumbList","@id":"https:\/\/test.mennobouma.com\/nautischkwartier\/de\/lagoon-catamarans\/motorkatamarane\/#breadcrumb","itemListElement":[{"@type":"ListItem","position":1,"name":"Home","item":"https:\/\/test.mennobouma.com\/nautischkwartier\/de\/luxurioese-segel-traumjachten\/"},{"@type":"ListItem","position":2,"name":"Lagoon-Katamarane","item":"https:\/\/test.mennobouma.com\/nautischkwartier\/de\/lagoon-catamarans\/"},{"@type":"ListItem","position":3,"name":"Motor-Katamarane"}]},{"@type":"WebSite","@id":"https:\/\/test.mennobouma.com\/nautischkwartier\/de\/#website","url":"https:\/\/test.mennobouma.com\/nautischkwartier\/de\/","name":"Nautisch Kwartier","description":"Luxury sailing dream yachts","potentialAction":[{"@type":"SearchAction","target":{"@type":"EntryPoint","urlTemplate":"https:\/\/test.mennobouma.com\/nautischkwartier\/de\/?s={search_term_string}"},"query-input":{"@type":"PropertyValueSpecification","valueRequired":true,"valueName":"search_term_string"}}],"inLanguage":"de"}]}},"_links":{"self":[{"href":"https:\/\/test.mennobouma.com\/nautischkwartier\/de\/wp-json\/wp\/v2\/pages\/1269","targetHints":{"allow":["GET"]}}],"collection":[{"href":"https:\/\/test.mennobouma.com\/nautischkwartier\/de\/wp-json\/wp\/v2\/pages"}],"about":[{"href":"https:\/\/test.mennobouma.com\/nautischkwartier\/de\/wp-json\/wp\/v2\/types\/page"}],"author":[{"embeddable":true,"href":"https:\/\/test.mennobouma.com\/nautischkwartier\/de\/wp-json\/wp\/v2\/users\/1"}],"replies":[{"embeddable":true,"href":"https:\/\/test.mennobouma.com\/nautischkwartier\/de\/wp-json\/wp\/v2\/comments?post=1269"}],"version-history":[{"count":9,"href":"https:\/\/test.mennobouma.com\/nautischkwartier\/de\/wp-json\/wp\/v2\/pages\/1269\/revisions"}],"predecessor-version":[{"id":1821,"href":"https:\/\/test.mennobouma.com\/nautischkwartier\/de\/wp-json\/wp\/v2\/pages\/1269\/revisions\/1821"}],"up":[{"embeddable":true,"href":"https:\/\/test.mennobouma.com\/nautischkwartier\/de\/wp-json\/wp\/v2\/pages\/792"}],"wp:attachment":[{"href":"https:\/\/test.mennobouma.com\/nautischkwartier\/de\/wp-json\/wp\/v2\/media?parent=1269"}],"curies":[{"name":"wp","href":"https:\/\/api.w.org\/{rel}","templated":true}]}}