{"id":1265,"date":"2024-10-09T14:27:32","date_gmt":"2024-10-09T12:27:32","guid":{"rendered":"https:\/\/test.mennobouma.com\/nautischkwartier\/jeanneau-sailing-yachts\/yachten\/"},"modified":"2024-11-08T17:02:09","modified_gmt":"2024-11-08T16:02:09","slug":"yachten","status":"publish","type":"page","link":"https:\/\/test.mennobouma.com\/nautischkwartier\/de\/jeanneau-sailing-yachts\/yachten\/","title":{"rendered":"Yachten"},"content":{"rendered":"<div class=\"wpb-content-wrapper\"><p>[vc_row][vc_column][vc_column_text css=&#8220;&#8220;]<\/p>\n<p>[\/vc_column_text][\/vc_column][\/vc_row][vc_row][vc_column][vc_column_text css=&#8220;&#8220;]<\/p>\n<h3>Jeanneau Yachts sind aus zwei grundlegenden Anforderungen entstanden und vereinen technische Spitzenleistung und ausgefeiltes Design. Diese wendigen, komfortablen, raffinierten und gut ausbalancierten Segelboote nehmen Sie mit auf spontane Fluchten aus dem Alltag oder auf l\u00e4ngere Reisen. Umgeben von der Magie des Meeres entfalten sich einzigartige, unvergessliche Erlebnisse.  <\/h3>\n<h3><\/h3>\n<h3 class=\"subtitle\"><span style=\"color: #d13427;\">Eine Leidenschaft f\u00fcr das Meer<\/span><\/h3>\n<h3><\/h3>\n<h3>Perfekte Linien, hochwertige Verarbeitung, edle Materialien, mit Layouts und Ausstattungen, die Ihren W\u00fcnschen entsprechen \u2026 an Deck oder unter Wasser sind Jeanneau-Yachten Eleganz, Leichtigkeit und Raffinesse pur. Bis ins kleinste Detail \u2013 von den nach achtern gef\u00fchrten Gro\u00dfsegelschoten bis hin zu den Optionen f\u00fcr die Inneneinrichtung \u2013 sind Jeanneau-Yachten darauf ausgelegt, Ihnen das Leben an Bord zu erleichtern. Ihre seet\u00fcchtigen Eigenschaften machen sie zu fantastischen Offshore-Kreuzfahrtschiffen, die Ihnen unbegrenzte Horizonte er\u00f6ffnen.  <\/h3>\n<p>[\/vc_column_text][\/vc_column][\/vc_row][vc_row][vc_column][vc_column_text css=&#8220;&#8220;]<\/p>\n<p>[\/vc_column_text][\/vc_column][\/vc_row][vc_row full_width=&#8220;stretch_row&#8220; css=&#8220;.vc_custom_1728897284961{background-color: #dd3333 !important;}&#8220;][vc_column width=&#8220;1\/3&#8243;][\/vc_column][vc_column width=&#8220;1\/3&#8243;][vc_column_text css=&#8220;&#8220;]<\/p>\n<h3 style=\"text-align: center;\"><span style=\"color: #ffffff;\">Wichtige Punkte<\/span><\/h3>\n<p>[\/vc_column_text][vc_column_text css=&#8220;&#8220;]<\/p>\n<p style=\"text-align: center;\"><span style=\"color: #ffffff;\">1. Wo Design auf Eleganz trifft: das Universum der Superyachten<\/span><br \/>\n <span style=\"color: #ffffff;\">2. Bewohnbares Deck mit speziellen Bereichen zum Entspannen<\/span><br \/>\n <span style=\"color: #ffffff;\">3. Luxuri\u00f6se, hochwertige Details und Verarbeitung<\/span><\/p>\n<p>[\/vc_column_text][\/vc_column][vc_column width=&#8220;1\/3&#8243;][\/vc_column][\/vc_row][vc_row full_width=&#8220;stretch_row&#8220;][vc_column width=&#8220;1\/5&#8243;][\/vc_column][vc_column width=&#8220;1\/5&#8243;][vc_single_image image=&#8220;1469&#8243; img_size=&#8220;medium&#8220; onclick=&#8220;custom_link&#8220; css=&#8220;&#8220; link=&#8220;https:\/\/test.mennobouma.com\/nautischkwartier\/de\/ship\/jeanneau-yachts-55\/&#8220;][vc_column_text css=&#8220;&#8220;]<\/p>\n<h2><a href=\"https:\/\/test.mennobouma.com\/nautischkwartier\/de\/ship\/jeanneau-yachts-55\/\">Yachten 55<\/a><\/h2>\n<p><span style=\"color: #d13427;\"><strong>Ein beispielloses Konzept f\u00fcr grenzenloses Cruisen<\/strong><\/span><\/p>\n<p>ABMESSUNGEN:<br \/>\n 16,93 x 4,99 x 2,55 M<\/p>\n<p><strong>PREIS AUF ANFRAGE<\/strong>[\/vc_column_text][\/vc_column][vc_column width=&#8220;1\/5&#8243;][vc_single_image image=&#8220;1472&#8243; img_size=&#8220;medium&#8220; onclick=&#8220;custom_link&#8220; css=&#8220;&#8220; link=&#8220;https:\/\/test.mennobouma.com\/nautischkwartier\/de\/ship\/jeanneau-yachts-60\/&#8220;][vc_column_text css=&#8220;&#8220;]<\/p>\n<h2><a href=\"https:\/\/test.mennobouma.com\/nautischkwartier\/de\/ship\/jeanneau-yachts-60\/\">Yachten 60<\/a><\/h2>\n<p><strong><span style=\"color: #d13427;\">Ihre eigene einzigartige Yacht<\/span><\/strong><\/p>\n<p>ABMESSUNGEN:<br \/>\n 18,39 x 5,20 x 2,55 M<\/p>\n<p><strong>PREIS AUF ANFRAGE<\/strong>[\/vc_column_text][\/vc_column][vc_column width=&#8220;1\/5&#8243;][vc_single_image image=&#8220;1475&#8243; img_size=&#8220;medium&#8220; onclick=&#8220;custom_link&#8220; css=&#8220;&#8220; link=&#8220;https:\/\/test.mennobouma.com\/nautischkwartier\/de\/ship\/jeanneau-yachts-65\/&#8220;][vc_column_text css=&#8220;&#8220;]<\/p>\n<h2><a href=\"https:\/\/test.mennobouma.com\/nautischkwartier\/de\/ship\/jeanneau-yachts-65\/\">Yachten 65<\/a><\/h2>\n<p><span style=\"color: #d13427;\"><strong>Die Yacht Ihrer Tr\u00e4ume<\/strong><\/span><\/p>\n<p>ABMESSUNGEN:<br \/>\n 20,20 x 5,40 x 2,95 M<\/p>\n<p><strong>PREIS AUF ANFRAGE<\/strong>[\/vc_column_text][\/vc_column][vc_column width=&#8220;1\/5&#8243;][\/vc_column][\/vc_row][vc_row full_width=&#8220;stretch_row_content_no_spaces&#8220;][vc_column][vc_single_image image=&#8220;1478&#8243; img_size=&#8220;full&#8220; alignment=&#8220;center&#8220; css=&#8220;&#8220;][\/vc_column][\/vc_row]<\/p>\n<\/div>","protected":false},"excerpt":{"rendered":"<p>[vc_row][vc_column][vc_column_text css=&#8220;&#8220;] [\/vc_column_text][\/vc_column][\/vc_row][vc_row][vc_column][vc_column_text css=&#8220;&#8220;] Jeanneau Yachts sind aus zwei grundlegenden Anforderungen entstanden und vereinen technische Spitzenleistung und ausgefeiltes Design. Diese wendigen, komfortablen, raffinierten und gut ausbalancierten Segelboote nehmen Sie mit auf spontane Fluchten aus dem Alltag oder auf l\u00e4ngere Reisen. Umgeben von der Magie des Meeres entfalten sich einzigartige, unvergessliche Erlebnisse. Eine Leidenschaft f\u00fcr das [&hellip;]<\/p>\n","protected":false},"author":1,"featured_media":0,"parent":790,"menu_order":0,"comment_status":"closed","ping_status":"closed","template":"","meta":{"_acf_changed":false,"footnotes":""},"class_list":["post-1265","page","type-page","status-publish","hentry"],"acf":[],"price":null,"relation_code":null,"yoast_head":"<!-- This site is optimized with the Yoast SEO plugin v23.8 - https:\/\/yoast.com\/wordpress\/plugins\/seo\/ -->\n<title>Jeanneau Yachts - Nautisch Kwartier Stavoren<\/title>\n<meta name=\"description\" content=\"Die Yachten Ihrer Tr\u00e4ume. Entdecken Sie die Jeanneau Yachts-Linie und erweitern Sie Ihren Horizont. Nautisch Kwartier Stavoren ist stolzer Jeanneau-H\u00e4ndler.\" \/>\n<meta name=\"robots\" content=\"noindex, follow, max-snippet:-1, max-image-preview:large, max-video-preview:-1\" \/>\n<meta property=\"og:locale\" content=\"de_DE\" \/>\n<meta property=\"og:type\" content=\"article\" \/>\n<meta property=\"og:title\" content=\"Jeanneau Yachts - Nautisch Kwartier Stavoren\" \/>\n<meta property=\"og:description\" content=\"Die Yachten Ihrer Tr\u00e4ume. Entdecken Sie die Jeanneau Yachts-Linie und erweitern Sie Ihren Horizont. Nautisch Kwartier Stavoren ist stolzer Jeanneau-H\u00e4ndler.\" \/>\n<meta property=\"og:url\" content=\"https:\/\/test.mennobouma.com\/nautischkwartier\/de\/jeanneau-sailing-yachts\/yachten\/\" \/>\n<meta property=\"og:site_name\" content=\"Nautisch Kwartier\" \/>\n<meta property=\"article:modified_time\" content=\"2024-11-08T16:02:09+00:00\" \/>\n<meta name=\"twitter:card\" content=\"summary_large_image\" \/>\n<meta name=\"twitter:label1\" content=\"Gesch\u00e4tzte Lesezeit\" \/>\n\t<meta name=\"twitter:data1\" content=\"2\u00a0Minuten\" \/>\n<script type=\"application\/ld+json\" class=\"yoast-schema-graph\">{\"@context\":\"https:\/\/schema.org\",\"@graph\":[{\"@type\":\"WebPage\",\"@id\":\"https:\/\/test.mennobouma.com\/nautischkwartier\/de\/jeanneau-sailing-yachts\/yachten\/\",\"url\":\"https:\/\/test.mennobouma.com\/nautischkwartier\/de\/jeanneau-sailing-yachts\/yachten\/\",\"name\":\"Jeanneau Yachts - Nautisch Kwartier Stavoren\",\"isPartOf\":{\"@id\":\"https:\/\/test.mennobouma.com\/nautischkwartier\/de\/#website\"},\"datePublished\":\"2024-10-09T12:27:32+00:00\",\"dateModified\":\"2024-11-08T16:02:09+00:00\",\"description\":\"Die Yachten Ihrer Tr\u00e4ume. Entdecken Sie die Jeanneau Yachts-Linie und erweitern Sie Ihren Horizont. Nautisch Kwartier Stavoren ist stolzer Jeanneau-H\u00e4ndler.\",\"breadcrumb\":{\"@id\":\"https:\/\/test.mennobouma.com\/nautischkwartier\/de\/jeanneau-sailing-yachts\/yachten\/#breadcrumb\"},\"inLanguage\":\"de\",\"potentialAction\":[{\"@type\":\"ReadAction\",\"target\":[\"https:\/\/test.mennobouma.com\/nautischkwartier\/de\/jeanneau-sailing-yachts\/yachten\/\"]}]},{\"@type\":\"BreadcrumbList\",\"@id\":\"https:\/\/test.mennobouma.com\/nautischkwartier\/de\/jeanneau-sailing-yachts\/yachten\/#breadcrumb\",\"itemListElement\":[{\"@type\":\"ListItem\",\"position\":1,\"name\":\"Home\",\"item\":\"https:\/\/test.mennobouma.com\/nautischkwartier\/de\/luxurioese-segel-traumjachten\/\"},{\"@type\":\"ListItem\",\"position\":2,\"name\":\"Jeanneau Segelyachten\",\"item\":\"https:\/\/test.mennobouma.com\/nautischkwartier\/de\/jeanneau-sailing-yachts\/\"},{\"@type\":\"ListItem\",\"position\":3,\"name\":\"Yachten\"}]},{\"@type\":\"WebSite\",\"@id\":\"https:\/\/test.mennobouma.com\/nautischkwartier\/de\/#website\",\"url\":\"https:\/\/test.mennobouma.com\/nautischkwartier\/de\/\",\"name\":\"Nautisch Kwartier\",\"description\":\"Luxury sailing dream yachts\",\"potentialAction\":[{\"@type\":\"SearchAction\",\"target\":{\"@type\":\"EntryPoint\",\"urlTemplate\":\"https:\/\/test.mennobouma.com\/nautischkwartier\/de\/?s={search_term_string}\"},\"query-input\":{\"@type\":\"PropertyValueSpecification\",\"valueRequired\":true,\"valueName\":\"search_term_string\"}}],\"inLanguage\":\"de\"}]}<\/script>\n<!-- \/ Yoast SEO plugin. -->","yoast_head_json":{"title":"Jeanneau Yachts - Nautisch Kwartier Stavoren","description":"Die Yachten Ihrer Tr\u00e4ume. Entdecken Sie die Jeanneau Yachts-Linie und erweitern Sie Ihren Horizont. Nautisch Kwartier Stavoren ist stolzer Jeanneau-H\u00e4ndler.","robots":{"index":"noindex","follow":"follow","max-snippet":"max-snippet:-1","max-image-preview":"max-image-preview:large","max-video-preview":"max-video-preview:-1"},"og_locale":"de_DE","og_type":"article","og_title":"Jeanneau Yachts - Nautisch Kwartier Stavoren","og_description":"Die Yachten Ihrer Tr\u00e4ume. Entdecken Sie die Jeanneau Yachts-Linie und erweitern Sie Ihren Horizont. Nautisch Kwartier Stavoren ist stolzer Jeanneau-H\u00e4ndler.","og_url":"https:\/\/test.mennobouma.com\/nautischkwartier\/de\/jeanneau-sailing-yachts\/yachten\/","og_site_name":"Nautisch Kwartier","article_modified_time":"2024-11-08T16:02:09+00:00","twitter_card":"summary_large_image","twitter_misc":{"Gesch\u00e4tzte Lesezeit":"2\u00a0Minuten"},"schema":{"@context":"https:\/\/schema.org","@graph":[{"@type":"WebPage","@id":"https:\/\/test.mennobouma.com\/nautischkwartier\/de\/jeanneau-sailing-yachts\/yachten\/","url":"https:\/\/test.mennobouma.com\/nautischkwartier\/de\/jeanneau-sailing-yachts\/yachten\/","name":"Jeanneau Yachts - Nautisch Kwartier Stavoren","isPartOf":{"@id":"https:\/\/test.mennobouma.com\/nautischkwartier\/de\/#website"},"datePublished":"2024-10-09T12:27:32+00:00","dateModified":"2024-11-08T16:02:09+00:00","description":"Die Yachten Ihrer Tr\u00e4ume. Entdecken Sie die Jeanneau Yachts-Linie und erweitern Sie Ihren Horizont. Nautisch Kwartier Stavoren ist stolzer Jeanneau-H\u00e4ndler.","breadcrumb":{"@id":"https:\/\/test.mennobouma.com\/nautischkwartier\/de\/jeanneau-sailing-yachts\/yachten\/#breadcrumb"},"inLanguage":"de","potentialAction":[{"@type":"ReadAction","target":["https:\/\/test.mennobouma.com\/nautischkwartier\/de\/jeanneau-sailing-yachts\/yachten\/"]}]},{"@type":"BreadcrumbList","@id":"https:\/\/test.mennobouma.com\/nautischkwartier\/de\/jeanneau-sailing-yachts\/yachten\/#breadcrumb","itemListElement":[{"@type":"ListItem","position":1,"name":"Home","item":"https:\/\/test.mennobouma.com\/nautischkwartier\/de\/luxurioese-segel-traumjachten\/"},{"@type":"ListItem","position":2,"name":"Jeanneau Segelyachten","item":"https:\/\/test.mennobouma.com\/nautischkwartier\/de\/jeanneau-sailing-yachts\/"},{"@type":"ListItem","position":3,"name":"Yachten"}]},{"@type":"WebSite","@id":"https:\/\/test.mennobouma.com\/nautischkwartier\/de\/#website","url":"https:\/\/test.mennobouma.com\/nautischkwartier\/de\/","name":"Nautisch Kwartier","description":"Luxury sailing dream yachts","potentialAction":[{"@type":"SearchAction","target":{"@type":"EntryPoint","urlTemplate":"https:\/\/test.mennobouma.com\/nautischkwartier\/de\/?s={search_term_string}"},"query-input":{"@type":"PropertyValueSpecification","valueRequired":true,"valueName":"search_term_string"}}],"inLanguage":"de"}]}},"_links":{"self":[{"href":"https:\/\/test.mennobouma.com\/nautischkwartier\/de\/wp-json\/wp\/v2\/pages\/1265","targetHints":{"allow":["GET"]}}],"collection":[{"href":"https:\/\/test.mennobouma.com\/nautischkwartier\/de\/wp-json\/wp\/v2\/pages"}],"about":[{"href":"https:\/\/test.mennobouma.com\/nautischkwartier\/de\/wp-json\/wp\/v2\/types\/page"}],"author":[{"embeddable":true,"href":"https:\/\/test.mennobouma.com\/nautischkwartier\/de\/wp-json\/wp\/v2\/users\/1"}],"replies":[{"embeddable":true,"href":"https:\/\/test.mennobouma.com\/nautischkwartier\/de\/wp-json\/wp\/v2\/comments?post=1265"}],"version-history":[{"count":11,"href":"https:\/\/test.mennobouma.com\/nautischkwartier\/de\/wp-json\/wp\/v2\/pages\/1265\/revisions"}],"predecessor-version":[{"id":1822,"href":"https:\/\/test.mennobouma.com\/nautischkwartier\/de\/wp-json\/wp\/v2\/pages\/1265\/revisions\/1822"}],"up":[{"embeddable":true,"href":"https:\/\/test.mennobouma.com\/nautischkwartier\/de\/wp-json\/wp\/v2\/pages\/790"}],"wp:attachment":[{"href":"https:\/\/test.mennobouma.com\/nautischkwartier\/de\/wp-json\/wp\/v2\/media?parent=1265"}],"curies":[{"name":"wp","href":"https:\/\/api.w.org\/{rel}","templated":true}]}}